{"id":918,"date":"2020-06-10T09:21:17","date_gmt":"2020-06-10T09:21:17","guid":{"rendered":"http:\/\/rutosistorikai.lt\/?page_id=918"},"modified":"2020-06-10T09:47:13","modified_gmt":"2020-06-10T09:47:13","slug":"antikos-dievai-ir-herojai","status":"publish","type":"page","link":"https:\/\/rutosistorikai.lt\/?page_id=918","title":{"rendered":"Antikos dievai ir herojai"},"content":{"rendered":"\t\t<div data-elementor-type=\"wp-page\" data-elementor-id=\"918\" class=\"elementor elementor-918\">\n\t\t\t\t\t\t<section class=\"has_eae_slider elementor-section elementor-top-section elementor-element elementor-element-e6856eb elementor-section-boxed elementor-section-height-default elementor-section-height-default\" data-eae-slider=\"79790\" data-id=\"e6856eb\" data-element_type=\"section\" data-e-type=\"section\" data-settings=\"{&quot;background_background&quot;:&quot;classic&quot;}\">\n\t\t\t\t\t\t<div class=\"elementor-container elementor-column-gap-default\">\n\t\t\t\t\t<div class=\"has_eae_slider elementor-column elementor-col-33 elementor-top-column elementor-element elementor-element-7d5599a\" data-eae-slider=\"68267\" data-id=\"7d5599a\" data-element_type=\"column\" data-e-type=\"column\">\n\t\t\t<div class=\"elementor-widget-wrap elementor-element-populated\">\n\t\t\t\t\t\t<div class=\"elementor-element elementor-element-cf51027 elementor-widget elementor-widget-heading\" data-id=\"cf51027\" data-element_type=\"widget\" data-e-type=\"widget\" data-widget_type=\"heading.default\">\n\t\t\t\t<div class=\"elementor-widget-container\">\n\t\t\t\t\t<h2 class=\"elementor-heading-title elementor-size-default\">Antikos dievai ir herojai<\/h2>\t\t\t\t<\/div>\n\t\t\t\t<\/div>\n\t\t\t\t\t<\/div>\n\t\t<\/div>\n\t\t\t\t<div class=\"has_eae_slider elementor-column elementor-col-33 elementor-top-column elementor-element elementor-element-c55a4bb\" data-eae-slider=\"22779\" data-id=\"c55a4bb\" data-element_type=\"column\" data-e-type=\"column\">\n\t\t\t<div class=\"elementor-widget-wrap\">\n\t\t\t\t\t\t\t<\/div>\n\t\t<\/div>\n\t\t\t\t<div class=\"has_eae_slider elementor-column elementor-col-33 elementor-top-column elementor-element elementor-element-dad9960\" data-eae-slider=\"54564\" data-id=\"dad9960\" data-element_type=\"column\" data-e-type=\"column\">\n\t\t\t<div class=\"elementor-widget-wrap\">\n\t\t\t\t\t\t\t<\/div>\n\t\t<\/div>\n\t\t\t\t\t<\/div>\n\t\t<\/section>\n\t\t\t\t<section class=\"has_eae_slider elementor-section elementor-top-section elementor-element elementor-element-5842200 elementor-section-boxed elementor-section-height-default elementor-section-height-default\" data-eae-slider=\"33393\" data-id=\"5842200\" data-element_type=\"section\" data-e-type=\"section\">\n\t\t\t\t\t\t<div class=\"elementor-container elementor-column-gap-default\">\n\t\t\t\t\t<div class=\"has_eae_slider elementor-column elementor-col-100 elementor-top-column elementor-element elementor-element-cb96ae2\" data-eae-slider=\"2420\" data-id=\"cb96ae2\" data-element_type=\"column\" data-e-type=\"column\">\n\t\t\t<div class=\"elementor-widget-wrap elementor-element-populated\">\n\t\t\t\t\t\t<div class=\"elementor-element elementor-element-903b730 elementor-widget elementor-widget-spacer\" data-id=\"903b730\" data-element_type=\"widget\" data-e-type=\"widget\" data-widget_type=\"spacer.default\">\n\t\t\t\t<div class=\"elementor-widget-container\">\n\t\t\t\t\t\t\t<div class=\"elementor-spacer\">\n\t\t\t<div class=\"elementor-spacer-inner\"><\/div>\n\t\t<\/div>\n\t\t\t\t\t\t<\/div>\n\t\t\t\t<\/div>\n\t\t\t\t<div class=\"elementor-element elementor-element-7e2b856 elementor-widget elementor-widget-heading\" data-id=\"7e2b856\" data-element_type=\"widget\" data-e-type=\"widget\" data-widget_type=\"heading.default\">\n\t\t\t\t<div class=\"elementor-widget-container\">\n\t\t\t\t\t<h2 class=\"elementor-heading-title elementor-size-default\">Projektas \"Antikos dievai ir herojai\"<\/h2>\t\t\t\t<\/div>\n\t\t\t\t<\/div>\n\t\t\t\t<div class=\"elementor-element elementor-element-71cdfec elementor-widget-divider--view-line elementor-widget elementor-widget-divider\" data-id=\"71cdfec\" data-element_type=\"widget\" data-e-type=\"widget\" data-widget_type=\"divider.default\">\n\t\t\t\t<div class=\"elementor-widget-container\">\n\t\t\t\t\t\t\t<div class=\"elementor-divider\">\n\t\t\t<span class=\"elementor-divider-separator\">\n\t\t\t\t\t\t<\/span>\n\t\t<\/div>\n\t\t\t\t\t\t<\/div>\n\t\t\t\t<\/div>\n\t\t\t\t\t<\/div>\n\t\t<\/div>\n\t\t\t\t\t<\/div>\n\t\t<\/section>\n\t\t\t\t<section class=\"has_eae_slider elementor-section elementor-top-section elementor-element elementor-element-8273c78 elementor-section-boxed elementor-section-height-default elementor-section-height-default\" data-eae-slider=\"62629\" data-id=\"8273c78\" data-element_type=\"section\" data-e-type=\"section\">\n\t\t\t\t\t\t<div class=\"elementor-container elementor-column-gap-default\">\n\t\t\t\t\t<div class=\"has_eae_slider elementor-column elementor-col-33 elementor-top-column elementor-element elementor-element-9fae9d7\" data-eae-slider=\"24941\" data-id=\"9fae9d7\" data-element_type=\"column\" data-e-type=\"column\">\n\t\t\t<div class=\"elementor-widget-wrap elementor-element-populated\">\n\t\t\t\t\t\t<div class=\"elementor-element elementor-element-f3e18b5 elementor-widget elementor-widget-counter\" data-id=\"f3e18b5\" data-element_type=\"widget\" data-e-type=\"widget\" data-widget_type=\"counter.default\">\n\t\t\t\t<div class=\"elementor-widget-container\">\n\t\t\t\t\t\t\t<div class=\"elementor-counter\">\n\t\t\t<div class=\"elementor-counter-title\">mokytojai<\/div>\t\t\t<div class=\"elementor-counter-number-wrapper\">\n\t\t\t\t<span class=\"elementor-counter-number-prefix\"><\/span>\n\t\t\t\t<span class=\"elementor-counter-number\" data-duration=\"2000\" data-to-value=\"3\" data-from-value=\"0\" data-delimiter=\",\">0<\/span>\n\t\t\t\t<span class=\"elementor-counter-number-suffix\"><\/span>\n\t\t\t<\/div>\n\t\t<\/div>\n\t\t\t\t\t\t<\/div>\n\t\t\t\t<\/div>\n\t\t\t\t\t<\/div>\n\t\t<\/div>\n\t\t\t\t<div class=\"has_eae_slider elementor-column elementor-col-33 elementor-top-column elementor-element elementor-element-dea1757\" data-eae-slider=\"95269\" data-id=\"dea1757\" data-element_type=\"column\" data-e-type=\"column\">\n\t\t\t<div class=\"elementor-widget-wrap elementor-element-populated\">\n\t\t\t\t\t\t<div class=\"elementor-element elementor-element-56536e9 elementor-widget elementor-widget-counter\" data-id=\"56536e9\" data-element_type=\"widget\" data-e-type=\"widget\" data-widget_type=\"counter.default\">\n\t\t\t\t<div class=\"elementor-widget-container\">\n\t\t\t\t\t\t\t<div class=\"elementor-counter\">\n\t\t\t<div class=\"elementor-counter-title\">pamokos<\/div>\t\t\t<div class=\"elementor-counter-number-wrapper\">\n\t\t\t\t<span class=\"elementor-counter-number-prefix\"><\/span>\n\t\t\t\t<span class=\"elementor-counter-number\" data-duration=\"2000\" data-to-value=\"5\" data-from-value=\"0\" data-delimiter=\",\">0<\/span>\n\t\t\t\t<span class=\"elementor-counter-number-suffix\"><\/span>\n\t\t\t<\/div>\n\t\t<\/div>\n\t\t\t\t\t\t<\/div>\n\t\t\t\t<\/div>\n\t\t\t\t\t<\/div>\n\t\t<\/div>\n\t\t\t\t<div class=\"has_eae_slider elementor-column elementor-col-33 elementor-top-column elementor-element elementor-element-022ad60\" data-eae-slider=\"3026\" data-id=\"022ad60\" data-element_type=\"column\" data-e-type=\"column\">\n\t\t\t<div class=\"elementor-widget-wrap elementor-element-populated\">\n\t\t\t\t\t\t<div class=\"elementor-element elementor-element-447bac6 elementor-widget elementor-widget-counter\" data-id=\"447bac6\" data-element_type=\"widget\" data-e-type=\"widget\" data-widget_type=\"counter.default\">\n\t\t\t\t<div class=\"elementor-widget-container\">\n\t\t\t\t\t\t\t<div class=\"elementor-counter\">\n\t\t\t<div class=\"elementor-counter-title\">mokiniai<\/div>\t\t\t<div class=\"elementor-counter-number-wrapper\">\n\t\t\t\t<span class=\"elementor-counter-number-prefix\"><\/span>\n\t\t\t\t<span class=\"elementor-counter-number\" data-duration=\"2000\" data-to-value=\"83\" data-from-value=\"0\" data-delimiter=\",\">0<\/span>\n\t\t\t\t<span class=\"elementor-counter-number-suffix\"><\/span>\n\t\t\t<\/div>\n\t\t<\/div>\n\t\t\t\t\t\t<\/div>\n\t\t\t\t<\/div>\n\t\t\t\t\t<\/div>\n\t\t<\/div>\n\t\t\t\t\t<\/div>\n\t\t<\/section>\n\t\t\t\t<section class=\"has_eae_slider elementor-section elementor-top-section elementor-element elementor-element-210e3ad elementor-section-boxed elementor-section-height-default elementor-section-height-default\" data-eae-slider=\"85077\" data-id=\"210e3ad\" data-element_type=\"section\" data-e-type=\"section\">\n\t\t\t\t\t\t<div class=\"elementor-container elementor-column-gap-default\">\n\t\t\t\t\t<div class=\"has_eae_slider elementor-column elementor-col-100 elementor-top-column elementor-element elementor-element-097a204\" data-eae-slider=\"61284\" data-id=\"097a204\" data-element_type=\"column\" data-e-type=\"column\">\n\t\t\t<div class=\"elementor-widget-wrap elementor-element-populated\">\n\t\t\t\t\t\t<div class=\"elementor-element elementor-element-2a29865 elementor-widget-divider--view-line elementor-widget elementor-widget-divider\" data-id=\"2a29865\" data-element_type=\"widget\" data-e-type=\"widget\" data-widget_type=\"divider.default\">\n\t\t\t\t<div class=\"elementor-widget-container\">\n\t\t\t\t\t\t\t<div class=\"elementor-divider\">\n\t\t\t<span class=\"elementor-divider-separator\">\n\t\t\t\t\t\t<\/span>\n\t\t<\/div>\n\t\t\t\t\t\t<\/div>\n\t\t\t\t<\/div>\n\t\t\t\t<div class=\"elementor-element elementor-element-19f3f39 elementor-widget elementor-widget-text-editor\" data-id=\"19f3f39\" data-element_type=\"widget\" data-e-type=\"widget\" data-widget_type=\"text-editor.default\">\n\t\t\t\t<div class=\"elementor-widget-container\">\n\t\t\t\t\t\t\t\t\t<p>XXI a. ypa\u010d b\u016bdinga sav\u0119s klausti &#8220;KAS A\u0160 ESU&#8221; ir nuolat ie\u0161koti tapatumo savyje ir kituose.<br \/>Naujasis mokinys da\u017enai pasiklyd\u0119s sav\u0119s ie\u0161kojimo, tyrimo ir atradimo kelyje. Jis seka tendencijomis, neretai vaikosi mados,\u00a0 klauso &#8220;<em>influenceri\u0173<\/em>&#8221; ir kt. Tai neb\u0117ra vienadienis ar laikinas susidom\u0117jimas, tai nuolatinis procesas su bekintan\u010diomis baigties galimyb\u0117mis.<br \/>Mes, mokytojai, turime ne\u012fmanom\u0105 misij\u0105 &#8211; rodyti keli\u0105 ten, kur patys da\u017enai dvejojame eiti. Mums sunku sp\u0117ti su technologiniu \u0161uoliu, informacijos apdorojimu ir galimybe \u017einoti visk\u0105. Bet ar reikia VISK\u0104 \u017einoti? Gal mokytis vieni i\u0161 kit\u0173? O gal tiesiog atrasti tai, kas jau ir taip atrasta? Remtis tomis vertyb\u0117mis, kurios patikrintos laiko? Gal&#8230; Vieno teisingo atsakymo n\u0117ra&#8230;<br \/>Abejoni\u0173 laikais visada pravartu nagrin\u0117ti klasikinius k\u016brinius, semtis id\u0117j\u0173 i\u0161 graik\u0173, rom\u0117n\u0173, analizuoti to laikme\u010dio herojus ir \u012fvykius. Tod\u0117l, mes pasirinkome tem\u0105 &#8220;Antikos dievai ir herojai&#8221; ne tik siekdami perskaityti \u0161iuos k\u016brinius, bet ir \u017eadinti smalsum\u0105, k\u016brybi\u0161kum\u0105 ir diskusij\u0105.<\/p><div style=\"text-align: justify;\">R\u016bta Tamkevi\u010di\u016bt\u0117 (<em>istorijos mokytoja<\/em>), Sigitas Kavoli\u016bnas (<em>istorijos mokytojas<\/em>) ir Daina Burbien\u0117 (<em>lietuvi\u0173 kalbos ir literat\u016bros mokytoja<\/em>)\u00a0 ved\u0117 integruot\u0105 istorijos \u2013 lietuvi\u0173 kalbos pamok\u0173 cikl\u0105 tema \u201e<em>Antikos dievai ir herojai<\/em>\u201c.<br \/>Pamok\u0173 metu buvo\u00a0 ne tik tyrin\u0117jami antikos mitai ir asmenyb\u0117s, dievai ir pusdieviai, bet kartu\u00a0 diskutuojama &#8211; kas yra herojus, kokiomis savyb\u0117mis jis turi pasi\u017eym\u0117ti, ar galiu\/noriu b\u016bti herojus?<br \/>Projekto metu taip pat mokiniai lank\u0117si Vrublevski\u0173 bibliotekoje, kurioje i\u0161vydo senus, datuojamus net XI-XVI a. retus spaudinius. Ypa\u010d buvo susidom\u0117ta pergament\u0173 kolekcija: seniausi dokumentai para\u0161yti graik\u0173, lotyn\u0173, rus\u0117n\u0173, lenk\u0173, rus\u0173, vokie\u010di\u0173 kalbomis. Nepaprasta buvo paliesti pat\u012f pergament\u0105. \u201eArgi taip galima i\u0161dirbti od\u0105 ?!\u201c \u2013 steb\u0117josi mokiniai. O kai atvert\u0117 i\u0161kilaus graik\u0173 lyrikos meistro Anakreonto ra\u0161t\u0173 knyg\u0105 (apie 1480 m.) visi pagarbiai nutilo. V\u0117liau vart\u0117m seniausi\u0105 ba\u017enytini\u0173 giesmi\u0173 knyg\u0105, garsi\u0105j\u0105 Silva rerum, steb\u0117jomis \u201egra\u017edanka\u201c (lietuvi\u0161kas tekstas, spausdintas rusi\u0161komis raid\u0117mis). Tada ir \u0161ov\u0117 mintis, kad galim sukurti savo bibliotek\u0105 &#8211; \u0161iuolaiki\u0161kai pristatydami graik\u0173 dievus ir herojus. \u00a0<\/div><div style=\"text-align: justify;\">\u00a0<\/div><div><hr style=\"width: 100%;\" \/><\/div>\t\t\t\t\t\t\t\t<\/div>\n\t\t\t\t<\/div>\n\t\t\t\t<div class=\"elementor-element elementor-element-15cefd1 elementor-arrows-position-inside elementor-pagination-position-outside elementor-widget elementor-widget-image-carousel\" data-id=\"15cefd1\" data-element_type=\"widget\" data-e-type=\"widget\" data-settings=\"{&quot;navigation&quot;:&quot;both&quot;,&quot;autoplay&quot;:&quot;yes&quot;,&quot;pause_on_hover&quot;:&quot;yes&quot;,&quot;pause_on_interaction&quot;:&quot;yes&quot;,&quot;autoplay_speed&quot;:5000,&quot;infinite&quot;:&quot;yes&quot;,&quot;speed&quot;:500,&quot;image_spacing_custom&quot;:{&quot;unit&quot;:&quot;px&quot;,&quot;size&quot;:20,&quot;sizes&quot;:[]},&quot;image_spacing_custom_tablet&quot;:{&quot;unit&quot;:&quot;px&quot;,&quot;size&quot;:&quot;&quot;,&quot;sizes&quot;:[]},&quot;image_spacing_custom_mobile&quot;:{&quot;unit&quot;:&quot;px&quot;,&quot;size&quot;:&quot;&quot;,&quot;sizes&quot;:[]}}\" data-widget_type=\"image-carousel.default\">\n\t\t\t\t<div class=\"elementor-widget-container\">\n\t\t\t\t\t\t\t<div class=\"elementor-image-carousel-wrapper swiper\" role=\"region\" aria-roledescription=\"carousel\" aria-label=\"Image Carousel\" dir=\"ltr\">\n\t\t\t<div class=\"elementor-image-carousel swiper-wrapper\" aria-live=\"off\">\n\t\t\t\t\t\t\t\t<div class=\"swiper-slide\" role=\"group\" aria-roledescription=\"slide\" aria-label=\"1 of 3\"><figure class=\"swiper-slide-inner\"><img decoding=\"async\" class=\"swiper-slide-image\" src=\"https:\/\/rutosistorikai.lt\/wp-content\/uploads\/2020\/06\/img-28323333-1.jpg\" alt=\"img-28323333\" \/><\/figure><\/div><div class=\"swiper-slide\" role=\"group\" aria-roledescription=\"slide\" aria-label=\"2 of 3\"><figure class=\"swiper-slide-inner\"><img decoding=\"async\" class=\"swiper-slide-image\" src=\"https:\/\/rutosistorikai.lt\/wp-content\/uploads\/2020\/06\/img-2906222-1.jpg\" alt=\"img-2906222\" \/><\/figure><\/div><div class=\"swiper-slide\" role=\"group\" aria-roledescription=\"slide\" aria-label=\"3 of 3\"><figure class=\"swiper-slide-inner\"><img decoding=\"async\" class=\"swiper-slide-image\" src=\"https:\/\/rutosistorikai.lt\/wp-content\/uploads\/2020\/06\/img-2853-2.jpg\" alt=\"img-2853\" \/><\/figure><\/div>\t\t\t<\/div>\n\t\t\t\t\t\t\t\t\t\t\t\t<div class=\"elementor-swiper-button elementor-swiper-button-prev\" role=\"button\" tabindex=\"0\">\n\t\t\t\t\t\t<i aria-hidden=\"true\" class=\"eicon-chevron-left\"><\/i>\t\t\t\t\t<\/div>\n\t\t\t\t\t<div class=\"elementor-swiper-button elementor-swiper-button-next\" role=\"button\" tabindex=\"0\">\n\t\t\t\t\t\t<i aria-hidden=\"true\" class=\"eicon-chevron-right\"><\/i>\t\t\t\t\t<\/div>\n\t\t\t\t\n\t\t\t\t\t\t\t\t\t<div class=\"swiper-pagination\"><\/div>\n\t\t\t\t\t\t\t\t\t<\/div>\n\t\t\t\t\t\t<\/div>\n\t\t\t\t<\/div>\n\t\t\t\t\t<\/div>\n\t\t<\/div>\n\t\t\t\t\t<\/div>\n\t\t<\/section>\n\t\t\t\t<section class=\"has_eae_slider elementor-section elementor-top-section elementor-element elementor-element-fff7fa6 elementor-section-boxed elementor-section-height-default elementor-section-height-default\" data-eae-slider=\"25546\" data-id=\"fff7fa6\" data-element_type=\"section\" data-e-type=\"section\">\n\t\t\t\t\t\t<div class=\"elementor-container elementor-column-gap-default\">\n\t\t\t\t\t<div class=\"has_eae_slider elementor-column elementor-col-100 elementor-top-column elementor-element elementor-element-225c8c8\" data-eae-slider=\"91524\" data-id=\"225c8c8\" data-element_type=\"column\" data-e-type=\"column\">\n\t\t\t<div class=\"elementor-widget-wrap elementor-element-populated\">\n\t\t\t\t\t\t<div class=\"elementor-element elementor-element-b2916da elementor-widget elementor-widget-text-editor\" data-id=\"b2916da\" data-element_type=\"widget\" data-e-type=\"widget\" data-widget_type=\"text-editor.default\">\n\t\t\t\t<div class=\"elementor-widget-container\">\n\t\t\t\t\t\t\t\t\t<p>Galutiniame projekto etape,\u00a0 mokiniai pristat\u0117 savo darbus ( <em>buvo sukurti infografikai\u00a0 (canva.com) pasirinktoms temoms atskleisti<\/em>) ir analizavo, kaip reikia pristatyti darbus, \u012fsivertino ir vertino savo ir klas\u0117s draug\u0173 darbus.<\/p><ul><li>Pasirodo, kad viskas \u010dia susij\u0119, &#8211; steb\u0117josi dalyviai. \u2013 Va, pristat\u0117 Par\u012f, o a\u0161 apie Helen\u0119 (Elen\u0105) kalb\u0117siu.<\/li><li>Buvo \u012fdomu, &#8211; pamok\u0105 vertino mokiniai.<\/li><li>Daug su\u017einojome, &#8211; antrino kiti. \u2013 Nereik\u0117jo vis\u0173 mit\u0173 skaityti, visk\u0105 i\u0161samiai \u0161iandien su\u017einojome.<\/li><\/ul><p>Mes, mokytojai, irgi pritariame &#8211; buvo \u012fdomu, informatyvu ir naudinga.\u00a0 Rekomenduojame ir kitiems pedagogams nebijoti naudotis (<em>i\u0161bandyti, atrasti ir i\u0161mokti<\/em>) naujais \u012frankiais, programomis bei taikyti \u012fvairius mokymosi metodus.<br \/>p.s. Jei, kas norite i\u0161mokti kurti <em>infografikus<\/em> ir naudotis canva.com svetaine, kreipkit\u0117s, pad\u0117sime.<\/p>\t\t\t\t\t\t\t\t<\/div>\n\t\t\t\t<\/div>\n\t\t\t\t<div class=\"elementor-element elementor-element-6ab8399 elementor-arrows-position-inside elementor-pagination-position-outside elementor-widget elementor-widget-image-carousel\" data-id=\"6ab8399\" data-element_type=\"widget\" data-e-type=\"widget\" data-settings=\"{&quot;navigation&quot;:&quot;both&quot;,&quot;autoplay&quot;:&quot;yes&quot;,&quot;pause_on_hover&quot;:&quot;yes&quot;,&quot;pause_on_interaction&quot;:&quot;yes&quot;,&quot;autoplay_speed&quot;:5000,&quot;infinite&quot;:&quot;yes&quot;,&quot;speed&quot;:500,&quot;image_spacing_custom&quot;:{&quot;unit&quot;:&quot;px&quot;,&quot;size&quot;:20,&quot;sizes&quot;:[]},&quot;image_spacing_custom_tablet&quot;:{&quot;unit&quot;:&quot;px&quot;,&quot;size&quot;:&quot;&quot;,&quot;sizes&quot;:[]},&quot;image_spacing_custom_mobile&quot;:{&quot;unit&quot;:&quot;px&quot;,&quot;size&quot;:&quot;&quot;,&quot;sizes&quot;:[]}}\" data-widget_type=\"image-carousel.default\">\n\t\t\t\t<div class=\"elementor-widget-container\">\n\t\t\t\t\t\t\t<div class=\"elementor-image-carousel-wrapper swiper\" role=\"region\" aria-roledescription=\"carousel\" aria-label=\"Image Carousel\" dir=\"ltr\">\n\t\t\t<div class=\"elementor-image-carousel swiper-wrapper\" aria-live=\"off\">\n\t\t\t\t\t\t\t\t<div class=\"swiper-slide\" role=\"group\" aria-roledescription=\"slide\" aria-label=\"1 of 7\"><figure class=\"swiper-slide-inner\"><img decoding=\"async\" class=\"swiper-slide-image\" src=\"https:\/\/rutosistorikai.lt\/wp-content\/uploads\/2020\/06\/ar-nas-gela-auskas-2b_orig-768x1920.jpg\" alt=\"ar-nas-gela-auskas-2b_orig\" \/><\/figure><\/div><div class=\"swiper-slide\" role=\"group\" aria-roledescription=\"slide\" aria-label=\"2 of 7\"><figure class=\"swiper-slide-inner\"><img decoding=\"async\" class=\"swiper-slide-image\" src=\"https:\/\/rutosistorikai.lt\/wp-content\/uploads\/2020\/06\/dizainas-be-pavadinimo-2_orig-768x1920.jpg\" alt=\"dizainas-be-pavadinimo-2_orig\" \/><\/figure><\/div><div class=\"swiper-slide\" role=\"group\" aria-roledescription=\"slide\" aria-label=\"3 of 7\"><figure class=\"swiper-slide-inner\"><img decoding=\"async\" class=\"swiper-slide-image\" src=\"https:\/\/rutosistorikai.lt\/wp-content\/uploads\/2020\/06\/radvil-s-gruzdyt-s-2b-2_orig-768x1920.jpg\" alt=\"radvil-s-gruzdyt-s-2b-2_orig\" \/><\/figure><\/div><div class=\"swiper-slide\" role=\"group\" aria-roledescription=\"slide\" aria-label=\"4 of 7\"><figure class=\"swiper-slide-inner\"><img decoding=\"async\" class=\"swiper-slide-image\" src=\"https:\/\/rutosistorikai.lt\/wp-content\/uploads\/2020\/06\/2-768x1920.jpg\" alt=\"2\" \/><\/figure><\/div><div class=\"swiper-slide\" role=\"group\" aria-roledescription=\"slide\" aria-label=\"5 of 7\"><figure class=\"swiper-slide-inner\"><img decoding=\"async\" class=\"swiper-slide-image\" src=\"https:\/\/rutosistorikai.lt\/wp-content\/uploads\/2020\/06\/3-768x1920.jpg\" alt=\"3\" \/><\/figure><\/div><div class=\"swiper-slide\" role=\"group\" aria-roledescription=\"slide\" aria-label=\"6 of 7\"><figure class=\"swiper-slide-inner\"><img decoding=\"async\" class=\"swiper-slide-image\" src=\"https:\/\/rutosistorikai.lt\/wp-content\/uploads\/2020\/06\/20181021-225639-0001_orig-768x1920.png\" alt=\"20181021-225639-0001_orig\" \/><\/figure><\/div><div class=\"swiper-slide\" role=\"group\" aria-roledescription=\"slide\" aria-label=\"7 of 7\"><figure class=\"swiper-slide-inner\"><img decoding=\"async\" class=\"swiper-slide-image\" src=\"https:\/\/rutosistorikai.lt\/wp-content\/uploads\/2020\/06\/dizainas-be-pavadinimo-1_orig-768x1920.jpg\" alt=\"dizainas-be-pavadinimo-1_orig\" \/><\/figure><\/div>\t\t\t<\/div>\n\t\t\t\t\t\t\t\t\t\t\t\t<div class=\"elementor-swiper-button elementor-swiper-button-prev\" role=\"button\" tabindex=\"0\">\n\t\t\t\t\t\t<i aria-hidden=\"true\" class=\"eicon-chevron-left\"><\/i>\t\t\t\t\t<\/div>\n\t\t\t\t\t<div class=\"elementor-swiper-button elementor-swiper-button-next\" role=\"button\" tabindex=\"0\">\n\t\t\t\t\t\t<i aria-hidden=\"true\" class=\"eicon-chevron-right\"><\/i>\t\t\t\t\t<\/div>\n\t\t\t\t\n\t\t\t\t\t\t\t\t\t<div class=\"swiper-pagination\"><\/div>\n\t\t\t\t\t\t\t\t\t<\/div>\n\t\t\t\t\t\t<\/div>\n\t\t\t\t<\/div>\n\t\t\t\t\t<\/div>\n\t\t<\/div>\n\t\t\t\t\t<\/div>\n\t\t<\/section>\n\t\t\t\t<\/div>\n\t\t","protected":false},"excerpt":{"rendered":"<p>Antikos dievai ir herojai Projektas &#8220;Antikos dievai ir herojai&#8221; 0 mokytojai 0 pamokos 0 mokiniai XXI a. ypa\u010d b\u016bdinga sav\u0119s klausti &#8220;KAS A\u0160 ESU&#8221; ir nuolat ie\u0161koti tapatumo savyje ir kituose.Naujasis mokinys da\u017enai pasiklyd\u0119s sav\u0119s ie\u0161kojimo, tyrimo ir atradimo kelyje. Jis seka tendencijomis, neretai vaikosi mados,\u00a0 klauso &#8220;influenceri\u0173&#8221; ir kt. Tai neb\u0117ra vienadienis ar laikinas [&hellip;]<\/p>\n","protected":false},"author":1,"featured_media":0,"parent":850,"menu_order":0,"comment_status":"closed","ping_status":"closed","template":"","meta":{"site-sidebar-layout":"no-sidebar","site-content-layout":"page-builder","ast-site-content-layout":"default","site-content-style":"default","site-sidebar-style":"default","ast-global-header-display":"","ast-banner-title-visibility":"","ast-main-header-display":"","ast-hfb-above-header-display":"","ast-hfb-below-header-display":"","ast-hfb-mobile-header-display":"","site-post-title":"disabled","ast-breadcrumbs-content":"","ast-featured-img":"disabled","footer-sml-layout":"","ast-disable-related-posts":"","theme-transparent-header-meta":"enabled","adv-header-id-meta":"","stick-header-meta":"","header-above-stick-meta":"","header-main-stick-meta":"","header-below-stick-meta":"","astra-migrate-meta-layouts":"default","ast-page-background-enabled":"default","ast-page-background-meta":{"desktop":{"background-color":"","background-image":"","background-repeat":"repeat","background-position":"center center","background-size":"auto","background-attachment":"scroll","background-type":"","background-media":"","overlay-type":"","overlay-color":"","overlay-opacity":"","overlay-gradient":""},"tablet":{"background-color":"","background-image":"","background-repeat":"repeat","background-position":"center center","background-size":"auto","background-attachment":"scroll","background-type":"","background-media":"","overlay-type":"","overlay-color":"","overlay-opacity":"","overlay-gradient":""},"mobile":{"background-color":"","background-image":"","background-repeat":"repeat","background-position":"center center","background-size":"auto","background-attachment":"scroll","background-type":"","background-media":"","overlay-type":"","overlay-color":"","overlay-opacity":"","overlay-gradient":""}},"ast-content-background-meta":{"desktop":{"background-color":"var(--ast-global-color-5)","background-image":"","background-repeat":"repeat","background-position":"center center","background-size":"auto","background-attachment":"scroll","background-type":"","background-media":"","overlay-type":"","overlay-color":"","overlay-opacity":"","overlay-gradient":""},"tablet":{"background-color":"var(--ast-global-color-5)","background-image":"","background-repeat":"repeat","background-position":"center center","background-size":"auto","background-attachment":"scroll","background-type":"","background-media":"","overlay-type":"","overlay-color":"","overlay-opacity":"","overlay-gradient":""},"mobile":{"background-color":"var(--ast-global-color-5)","background-image":"","background-repeat":"repeat","background-position":"center center","background-size":"auto","background-attachment":"scroll","background-type":"","background-media":"","overlay-type":"","overlay-color":"","overlay-opacity":"","overlay-gradient":""}},"footnotes":""},"class_list":["post-918","page","type-page","status-publish","hentry"],"_links":{"self":[{"href":"https:\/\/rutosistorikai.lt\/index.php?rest_route=\/wp\/v2\/pages\/918","targetHints":{"allow":["GET"]}}],"collection":[{"href":"https:\/\/rutosistorikai.lt\/index.php?rest_route=\/wp\/v2\/pages"}],"about":[{"href":"https:\/\/rutosistorikai.lt\/index.php?rest_route=\/wp\/v2\/types\/page"}],"author":[{"embeddable":true,"href":"https:\/\/rutosistorikai.lt\/index.php?rest_route=\/wp\/v2\/users\/1"}],"replies":[{"embeddable":true,"href":"https:\/\/rutosistorikai.lt\/index.php?rest_route=%2Fwp%2Fv2%2Fcomments&post=918"}],"version-history":[{"count":6,"href":"https:\/\/rutosistorikai.lt\/index.php?rest_route=\/wp\/v2\/pages\/918\/revisions"}],"predecessor-version":[{"id":948,"href":"https:\/\/rutosistorikai.lt\/index.php?rest_route=\/wp\/v2\/pages\/918\/revisions\/948"}],"up":[{"embeddable":true,"href":"https:\/\/rutosistorikai.lt\/index.php?rest_route=\/wp\/v2\/pages\/850"}],"wp:attachment":[{"href":"https:\/\/rutosistorikai.lt\/index.php?rest_route=%2Fwp%2Fv2%2Fmedia&parent=918"}],"curies":[{"name":"wp","href":"https:\/\/api.w.org\/{rel}","templated":true}]}}