{"id":4170,"date":"2026-02-26T09:10:04","date_gmt":"2026-02-26T09:10:04","guid":{"rendered":"https:\/\/rutosistorikai.lt\/?page_id=4170"},"modified":"2026-02-26T09:29:04","modified_gmt":"2026-02-26T09:29:04","slug":"apie-mus","status":"publish","type":"page","link":"https:\/\/rutosistorikai.lt\/?page_id=4170","title":{"rendered":"Apie mus"},"content":{"rendered":"\t\t<div data-elementor-type=\"wp-page\" data-elementor-id=\"4170\" class=\"elementor elementor-4170\">\n\t\t\t\t\t\t<section class=\"has_eae_slider elementor-section elementor-top-section elementor-element elementor-element-2324337 elementor-section-boxed elementor-section-height-default elementor-section-height-default\" data-eae-slider=\"7227\" data-id=\"2324337\" data-element_type=\"section\" data-e-type=\"section\">\n\t\t\t\t\t\t<div class=\"elementor-container elementor-column-gap-default\">\n\t\t\t\t\t<div class=\"has_eae_slider elementor-column elementor-col-100 elementor-top-column elementor-element elementor-element-f0a5e1a\" data-eae-slider=\"82850\" data-id=\"f0a5e1a\" data-element_type=\"column\" data-e-type=\"column\">\n\t\t\t<div class=\"elementor-widget-wrap elementor-element-populated\">\n\t\t\t\t\t\t<div class=\"elementor-element elementor-element-fc71b3e elementor-widget-divider--view-line elementor-widget elementor-widget-divider\" data-id=\"fc71b3e\" data-element_type=\"widget\" data-e-type=\"widget\" data-widget_type=\"divider.default\">\n\t\t\t\t<div class=\"elementor-widget-container\">\n\t\t\t\t\t\t\t<div class=\"elementor-divider\">\n\t\t\t<span class=\"elementor-divider-separator\">\n\t\t\t\t\t\t<\/span>\n\t\t<\/div>\n\t\t\t\t\t\t<\/div>\n\t\t\t\t<\/div>\n\t\t\t\t\t<\/div>\n\t\t<\/div>\n\t\t\t\t\t<\/div>\n\t\t<\/section>\n\t\t\t\t<section class=\"has_eae_slider elementor-section elementor-top-section elementor-element elementor-element-4b44f80 elementor-section-boxed elementor-section-height-default elementor-section-height-default\" data-eae-slider=\"59048\" data-id=\"4b44f80\" data-element_type=\"section\" data-e-type=\"section\">\n\t\t\t\t\t\t<div class=\"elementor-container elementor-column-gap-default\">\n\t\t\t\t\t<div class=\"has_eae_slider elementor-column elementor-col-50 elementor-top-column elementor-element elementor-element-b94efd4\" data-eae-slider=\"43610\" data-id=\"b94efd4\" data-element_type=\"column\" data-e-type=\"column\">\n\t\t\t<div class=\"elementor-widget-wrap elementor-element-populated\">\n\t\t\t\t\t\t<div class=\"elementor-element elementor-element-2c8116c elementor-widget elementor-widget-image\" data-id=\"2c8116c\" data-element_type=\"widget\" data-e-type=\"widget\" data-widget_type=\"image.default\">\n\t\t\t\t<div class=\"elementor-widget-container\">\n\t\t\t\t\t\t\t\t\t\t\t\t\t\t\t<img fetchpriority=\"high\" decoding=\"async\" width=\"866\" height=\"1024\" src=\"https:\/\/rutosistorikai.lt\/wp-content\/uploads\/2026\/02\/2-1-866x1024.jpg\" class=\"attachment-large size-large wp-image-4172\" alt=\"\" srcset=\"https:\/\/rutosistorikai.lt\/wp-content\/uploads\/2026\/02\/2-1-866x1024.jpg 866w, https:\/\/rutosistorikai.lt\/wp-content\/uploads\/2026\/02\/2-1-254x300.jpg 254w, https:\/\/rutosistorikai.lt\/wp-content\/uploads\/2026\/02\/2-1-768x909.jpg 768w, https:\/\/rutosistorikai.lt\/wp-content\/uploads\/2026\/02\/2-1.jpg 1027w\" sizes=\"(max-width: 866px) 100vw, 866px\" \/>\t\t\t\t\t\t\t\t\t\t\t\t\t\t\t<\/div>\n\t\t\t\t<\/div>\n\t\t\t\t\t<\/div>\n\t\t<\/div>\n\t\t\t\t<div class=\"has_eae_slider elementor-column elementor-col-50 elementor-top-column elementor-element elementor-element-9ed22ed\" data-eae-slider=\"61966\" data-id=\"9ed22ed\" data-element_type=\"column\" data-e-type=\"column\">\n\t\t\t<div class=\"elementor-widget-wrap elementor-element-populated\">\n\t\t\t\t\t\t<div class=\"elementor-element elementor-element-d905097 elementor-widget elementor-widget-text-editor\" data-id=\"d905097\" data-element_type=\"widget\" data-e-type=\"widget\" data-widget_type=\"text-editor.default\">\n\t\t\t\t<div class=\"elementor-widget-container\">\n\t\t\t\t\t\t\t\t\t<p>&#8220;R\u016btos istorikai&#8221; &#8211; svetain\u0117 skirta dalintis patirtimi, metodais, atradimais. Tai platforma &#8211; vie\u0161inti savo nuveiktus darbus, projektus, pamokas ir t.t.<br>Kartu su mokiniais ir kolegomis i\u0161 Vilniaus &#8220;Vy\u010dio&#8221; gimnazijos kuriame \u0161i\u0105 erdv\u0119. Puslapyje rasite mano paruo\u0161t\u0105 metodin\u0119 med\u017eiag\u0105 istorijos ir pilieti\u0161kumo pagrind\u0173 pamokoms, u\u017eduotis, vykdytus projektus, i\u0161vykas ir integruotas pamokas.<\/p>\n<h3>A<b>\u0161 esu R\u016bta Tamkevi\u010di\u016bt\u0117.&nbsp;<\/b><\/h3>\n<ul>\n<li>Istorijos, pilieti\u0161kumo, teis\u0117s pagrind\u0173 mokytoja ekspert\u0117.<\/li>\n<li>Vilniaus universiteto lektor\u0117 ir b\u016bsim\u0173 pedagog\u0173 praktikos vadov\u0117.<\/li>\n<li>N\u0160A i\u0161or\u0117s mokykl\u0173 kokyb\u0117s vertintoja.<\/li>\n<li>Skaitmeninio turinio k\u016br\u0117ja.<\/li>\n<li>9 kl. Pilieti\u0161kumo pagrind\u0173 vadov\u0117lio bendraautor\u0117.<\/li>\n<\/ul>\n<div>\u0160alia svetain\u0117s turinio, kuriu vaizdo \u012fra\u0161us ir jais dalinuosi youtube platformoje<\/div>\t\t\t\t\t\t\t\t<\/div>\n\t\t\t\t<\/div>\n\t\t\t\t\t<\/div>\n\t\t<\/div>\n\t\t\t\t\t<\/div>\n\t\t<\/section>\n\t\t\t\t<section class=\"has_eae_slider elementor-section elementor-top-section elementor-element elementor-element-e327672 elementor-section-boxed elementor-section-height-default elementor-section-height-default\" data-eae-slider=\"66851\" data-id=\"e327672\" data-element_type=\"section\" data-e-type=\"section\">\n\t\t\t\t\t\t<div class=\"elementor-container elementor-column-gap-default\">\n\t\t\t\t\t<div class=\"has_eae_slider elementor-column elementor-col-100 elementor-top-column elementor-element elementor-element-75b7048\" data-eae-slider=\"55957\" data-id=\"75b7048\" data-element_type=\"column\" data-e-type=\"column\">\n\t\t\t<div class=\"elementor-widget-wrap elementor-element-populated\">\n\t\t\t\t\t\t<div class=\"elementor-element elementor-element-1fcb06b elementor-widget elementor-widget-button\" data-id=\"1fcb06b\" data-element_type=\"widget\" data-e-type=\"widget\" data-widget_type=\"button.default\">\n\t\t\t\t<div class=\"elementor-widget-container\">\n\t\t\t\t\t\t\t\t\t<div class=\"elementor-button-wrapper\">\n\t\t\t\t\t<a class=\"elementor-button elementor-button-link elementor-size-sm\" href=\"https:\/\/www.youtube.com\/channel\/UCeP0-CS1fDFxLoC8xL-4Q9g\/videos\">\n\t\t\t\t\t\t<span class=\"elementor-button-content-wrapper\">\n\t\t\t\t\t\t\t\t\t<span class=\"elementor-button-text\">R\u016btos istorikai (Youtube)<\/span>\n\t\t\t\t\t<\/span>\n\t\t\t\t\t<\/a>\n\t\t\t\t<\/div>\n\t\t\t\t\t\t\t\t<\/div>\n\t\t\t\t<\/div>\n\t\t\t\t\t<\/div>\n\t\t<\/div>\n\t\t\t\t\t<\/div>\n\t\t<\/section>\n\t\t\t\t<section class=\"has_eae_slider elementor-section elementor-top-section elementor-element elementor-element-689b3cf elementor-section-boxed elementor-section-height-default elementor-section-height-default\" data-eae-slider=\"47590\" data-id=\"689b3cf\" data-element_type=\"section\" data-e-type=\"section\">\n\t\t\t\t\t\t<div class=\"elementor-container elementor-column-gap-default\">\n\t\t\t\t\t<div class=\"has_eae_slider elementor-column elementor-col-100 elementor-top-column elementor-element elementor-element-42d96ec\" data-eae-slider=\"47153\" data-id=\"42d96ec\" data-element_type=\"column\" data-e-type=\"column\">\n\t\t\t<div class=\"elementor-widget-wrap elementor-element-populated\">\n\t\t\t\t\t\t<div class=\"elementor-element elementor-element-642fdb2 elementor-widget elementor-widget-button\" data-id=\"642fdb2\" data-element_type=\"widget\" data-e-type=\"widget\" data-widget_type=\"button.default\">\n\t\t\t\t<div class=\"elementor-widget-container\">\n\t\t\t\t\t\t\t\t\t<div class=\"elementor-button-wrapper\">\n\t\t\t\t\t<a class=\"elementor-button elementor-button-link elementor-size-sm\" href=\"https:\/\/www.youtube.com\/@R_Dpamokos\">\n\t\t\t\t\t\t<span class=\"elementor-button-content-wrapper\">\n\t\t\t\t\t\t\t\t\t<span class=\"elementor-button-text\">R&amp;D pamokos (Youtube)<\/span>\n\t\t\t\t\t<\/span>\n\t\t\t\t\t<\/a>\n\t\t\t\t<\/div>\n\t\t\t\t\t\t\t\t<\/div>\n\t\t\t\t<\/div>\n\t\t\t\t\t<\/div>\n\t\t<\/div>\n\t\t\t\t\t<\/div>\n\t\t<\/section>\n\t\t\t\t<\/div>\n\t\t","protected":false},"excerpt":{"rendered":"<p>&#8220;R\u016btos istorikai&#8221; &#8211; svetain\u0117 skirta dalintis patirtimi, metodais, atradimais. Tai platforma &#8211; vie\u0161inti savo nuveiktus darbus, projektus, pamokas ir t.t.Kartu su mokiniais ir kolegomis i\u0161 Vilniaus &#8220;Vy\u010dio&#8221; gimnazijos kuriame \u0161i\u0105 erdv\u0119. Puslapyje rasite mano paruo\u0161t\u0105 metodin\u0119 med\u017eiag\u0105 istorijos ir pilieti\u0161kumo pagrind\u0173 pamokoms, u\u017eduotis, vykdytus projektus, i\u0161vykas ir integruotas pamokas. A\u0161 esu R\u016bta Tamkevi\u010di\u016bt\u0117.&nbsp; Istorijos, pilieti\u0161kumo, [&hellip;]<\/p>\n","protected":false},"author":1,"featured_media":0,"parent":0,"menu_order":0,"comment_status":"closed","ping_status":"closed","template":"","meta":{"site-sidebar-layout":"no-sidebar","site-content-layout":"page-builder","ast-site-content-layout":"full-width-container","site-content-style":"default","site-sidebar-style":"default","ast-global-header-display":"","ast-banner-title-visibility":"","ast-main-header-display":"","ast-hfb-above-header-display":"","ast-hfb-below-header-display":"","ast-hfb-mobile-header-display":"","site-post-title":"","ast-breadcrumbs-content":"","ast-featured-img":"disabled","footer-sml-layout":"","ast-disable-related-posts":"","theme-transparent-header-meta":"","adv-header-id-meta":"","stick-header-meta":"","header-above-stick-meta":"","header-main-stick-meta":"","header-below-stick-meta":"","astra-migrate-meta-layouts":"set","ast-page-background-enabled":"default","ast-page-background-meta":{"desktop":{"background-color":"","background-image":"","background-repeat":"repeat","background-position":"center center","background-size":"auto","background-attachment":"scroll","background-type":"","background-media":"","overlay-type":"","overlay-color":"","overlay-opacity":"","overlay-gradient":""},"tablet":{"background-color":"","background-image":"","background-repeat":"repeat","background-position":"center center","background-size":"auto","background-attachment":"scroll","background-type":"","background-media":"","overlay-type":"","overlay-color":"","overlay-opacity":"","overlay-gradient":""},"mobile":{"background-color":"","background-image":"","background-repeat":"repeat","background-position":"center center","background-size":"auto","background-attachment":"scroll","background-type":"","background-media":"","overlay-type":"","overlay-color":"","overlay-opacity":"","overlay-gradient":""}},"ast-content-background-meta":{"desktop":{"background-color":"var(--ast-global-color-5)","background-image":"","background-repeat":"repeat","background-position":"center center","background-size":"auto","background-attachment":"scroll","background-type":"","background-media":"","overlay-type":"","overlay-color":"","overlay-opacity":"","overlay-gradient":""},"tablet":{"background-color":"var(--ast-global-color-5)","background-image":"","background-repeat":"repeat","background-position":"center center","background-size":"auto","background-attachment":"scroll","background-type":"","background-media":"","overlay-type":"","overlay-color":"","overlay-opacity":"","overlay-gradient":""},"mobile":{"background-color":"var(--ast-global-color-5)","background-image":"","background-repeat":"repeat","background-position":"center center","background-size":"auto","background-attachment":"scroll","background-type":"","background-media":"","overlay-type":"","overlay-color":"","overlay-opacity":"","overlay-gradient":""}},"footnotes":""},"class_list":["post-4170","page","type-page","status-publish","hentry"],"_links":{"self":[{"href":"https:\/\/rutosistorikai.lt\/index.php?rest_route=\/wp\/v2\/pages\/4170","targetHints":{"allow":["GET"]}}],"collection":[{"href":"https:\/\/rutosistorikai.lt\/index.php?rest_route=\/wp\/v2\/pages"}],"about":[{"href":"https:\/\/rutosistorikai.lt\/index.php?rest_route=\/wp\/v2\/types\/page"}],"author":[{"embeddable":true,"href":"https:\/\/rutosistorikai.lt\/index.php?rest_route=\/wp\/v2\/users\/1"}],"replies":[{"embeddable":true,"href":"https:\/\/rutosistorikai.lt\/index.php?rest_route=%2Fwp%2Fv2%2Fcomments&post=4170"}],"version-history":[{"count":7,"href":"https:\/\/rutosistorikai.lt\/index.php?rest_route=\/wp\/v2\/pages\/4170\/revisions"}],"predecessor-version":[{"id":4179,"href":"https:\/\/rutosistorikai.lt\/index.php?rest_route=\/wp\/v2\/pages\/4170\/revisions\/4179"}],"wp:attachment":[{"href":"https:\/\/rutosistorikai.lt\/index.php?rest_route=%2Fwp%2Fv2%2Fmedia&parent=4170"}],"curies":[{"name":"wp","href":"https:\/\/api.w.org\/{rel}","templated":true}]}}