{"id":38,"date":"2018-11-27T09:17:28","date_gmt":"2018-11-27T09:17:28","guid":{"rendered":"http:\/\/rutosistorikai.lt\/?page_id=38"},"modified":"2025-04-14T09:53:29","modified_gmt":"2025-04-14T09:53:29","slug":"services","status":"publish","type":"page","link":"https:\/\/rutosistorikai.lt\/?page_id=38","title":{"rendered":"Istorijos pamokos  kitaip"},"content":{"rendered":"\t\t<div data-elementor-type=\"wp-post\" data-elementor-id=\"38\" class=\"elementor elementor-38\">\n\t\t\t\t\t\t<section class=\"has_eae_slider elementor-section elementor-top-section elementor-element elementor-element-33a79095 elementor-section-boxed elementor-section-height-default elementor-section-height-default\" data-eae-slider=\"6369\" data-id=\"33a79095\" data-element_type=\"section\" data-e-type=\"section\" data-settings=\"{&quot;background_background&quot;:&quot;classic&quot;}\">\n\t\t\t\t\t\t\t<div class=\"elementor-background-overlay\"><\/div>\n\t\t\t\t\t\t\t<div class=\"elementor-container elementor-column-gap-default\">\n\t\t\t\t\t<div class=\"has_eae_slider elementor-column elementor-col-33 elementor-top-column elementor-element elementor-element-b7194dc\" data-eae-slider=\"40209\" data-id=\"b7194dc\" data-element_type=\"column\" data-e-type=\"column\">\n\t\t\t<div class=\"elementor-widget-wrap elementor-element-populated\">\n\t\t\t\t\t\t<div class=\"elementor-element elementor-element-7c0aaaa elementor-widget elementor-widget-heading\" data-id=\"7c0aaaa\" data-element_type=\"widget\" data-e-type=\"widget\" data-widget_type=\"heading.default\">\n\t\t\t\t<div class=\"elementor-widget-container\">\n\t\t\t\t\t<h2 class=\"elementor-heading-title elementor-size-default\">Istorijos pamokos kitaip<\/h2>\t\t\t\t<\/div>\n\t\t\t\t<\/div>\n\t\t\t\t\t<\/div>\n\t\t<\/div>\n\t\t\t\t<div class=\"has_eae_slider elementor-column elementor-col-33 elementor-top-column elementor-element elementor-element-3706530d\" data-eae-slider=\"96756\" data-id=\"3706530d\" data-element_type=\"column\" data-e-type=\"column\">\n\t\t\t<div class=\"elementor-widget-wrap\">\n\t\t\t\t\t\t\t<\/div>\n\t\t<\/div>\n\t\t\t\t<div class=\"has_eae_slider elementor-column elementor-col-33 elementor-top-column elementor-element elementor-element-4788e5dc\" data-eae-slider=\"39224\" data-id=\"4788e5dc\" data-element_type=\"column\" data-e-type=\"column\">\n\t\t\t<div class=\"elementor-widget-wrap\">\n\t\t\t\t\t\t\t<\/div>\n\t\t<\/div>\n\t\t\t\t\t<\/div>\n\t\t<\/section>\n\t\t\t\t<section class=\"has_eae_slider elementor-section elementor-top-section elementor-element elementor-element-2dbed9a elementor-section-boxed elementor-section-height-default elementor-section-height-default\" data-eae-slider=\"4647\" data-id=\"2dbed9a\" data-element_type=\"section\" data-e-type=\"section\">\n\t\t\t\t\t\t<div class=\"elementor-container elementor-column-gap-default\">\n\t\t\t\t\t<div class=\"has_eae_slider elementor-column elementor-col-33 elementor-top-column elementor-element elementor-element-c54645a\" data-eae-slider=\"30581\" data-id=\"c54645a\" data-element_type=\"column\" data-e-type=\"column\">\n\t\t\t<div class=\"elementor-widget-wrap\">\n\t\t\t\t\t\t\t<\/div>\n\t\t<\/div>\n\t\t\t\t<div class=\"has_eae_slider elementor-column elementor-col-33 elementor-top-column elementor-element elementor-element-1ca627b\" data-eae-slider=\"37450\" data-id=\"1ca627b\" data-element_type=\"column\" data-e-type=\"column\">\n\t\t\t<div class=\"elementor-widget-wrap elementor-element-populated\">\n\t\t\t\t\t\t<div class=\"elementor-element elementor-element-42fd904 elementor-widget elementor-widget-heading\" data-id=\"42fd904\" data-element_type=\"widget\" data-e-type=\"widget\" data-widget_type=\"heading.default\">\n\t\t\t\t<div class=\"elementor-widget-container\">\n\t\t\t\t\t<h2 class=\"elementor-heading-title elementor-size-default\">Laikas prad\u0117ti m\u016bs\u0173 nuotykius\n<\/h2>\t\t\t\t<\/div>\n\t\t\t\t<\/div>\n\t\t\t\t<div class=\"elementor-element elementor-element-432499d elementor-widget-divider--view-line elementor-widget elementor-widget-divider\" data-id=\"432499d\" data-element_type=\"widget\" data-e-type=\"widget\" data-widget_type=\"divider.default\">\n\t\t\t\t<div class=\"elementor-widget-container\">\n\t\t\t\t\t\t\t<div class=\"elementor-divider\">\n\t\t\t<span class=\"elementor-divider-separator\">\n\t\t\t\t\t\t<\/span>\n\t\t<\/div>\n\t\t\t\t\t\t<\/div>\n\t\t\t\t<\/div>\n\t\t\t\t<div class=\"elementor-element elementor-element-8dff22f elementor-widget elementor-widget-text-editor\" data-id=\"8dff22f\" data-element_type=\"widget\" data-e-type=\"widget\" data-widget_type=\"text-editor.default\">\n\t\t\t\t<div class=\"elementor-widget-container\">\n\t\t\t\t\t\t\t\t\t<p>Geriausias mokymosi b\u016bdas &#8211; patirti, atrasti, pajausti pa\u010diam.<\/p><p>Mokyklos suole esame vedami pa\u017einimo keliais, pri\u017ei\u016brimi ir saugomi. Tod\u0117l svarbu patirti ne tik tai, k\u0105 pasakoja mokytojas, k\u0105 ra\u0161o vadov\u0117lis, bet ir apsi\u017evalgyti aplink. Yra tiek nuostabi\u0173 dalyk\u0173, kuriuos PRIVALOMA i\u0161bandyti&#8230; Jei ne d\u0117l to, kad \u012fdomu, tai d\u0117l to, kad atsirinkti, kas patinka, o kas ne&#8230; <br \/>PRISIMINKITE, tik paband\u0119, \u017einosite, kad Jums nepatinka.<\/p>\t\t\t\t\t\t\t\t<\/div>\n\t\t\t\t<\/div>\n\t\t\t\t\t<\/div>\n\t\t<\/div>\n\t\t\t\t<div class=\"has_eae_slider elementor-column elementor-col-33 elementor-top-column elementor-element elementor-element-92a5c23\" data-eae-slider=\"25945\" data-id=\"92a5c23\" data-element_type=\"column\" data-e-type=\"column\">\n\t\t\t<div class=\"elementor-widget-wrap\">\n\t\t\t\t\t\t\t<\/div>\n\t\t<\/div>\n\t\t\t\t\t<\/div>\n\t\t<\/section>\n\t\t\t\t<section class=\"has_eae_slider elementor-section elementor-inner-section elementor-element elementor-element-d6c60ea elementor-section-boxed elementor-section-height-default elementor-section-height-default\" data-eae-slider=\"47303\" data-id=\"d6c60ea\" data-element_type=\"section\" data-e-type=\"section\">\n\t\t\t\t\t\t<div class=\"elementor-container elementor-column-gap-default\">\n\t\t\t\t\t<div class=\"has_eae_slider elementor-column elementor-col-50 elementor-inner-column elementor-element elementor-element-f20a204\" data-eae-slider=\"83\" data-id=\"f20a204\" data-element_type=\"column\" data-e-type=\"column\">\n\t\t\t<div class=\"elementor-widget-wrap elementor-element-populated\">\n\t\t\t\t\t\t<div class=\"elementor-element elementor-element-bfd172b elementor-widget elementor-widget-image\" data-id=\"bfd172b\" data-element_type=\"widget\" data-e-type=\"widget\" data-widget_type=\"image.default\">\n\t\t\t\t<div class=\"elementor-widget-container\">\n\t\t\t\t\t\t\t\t\t\t\t\t\t\t\t\t<a href=\"https:\/\/rutosistorikai.lt\/?page_id=2693\" target=\"_blank\">\n\t\t\t\t\t\t\t<img fetchpriority=\"high\" decoding=\"async\" width=\"960\" height=\"720\" src=\"https:\/\/rutosistorikai.lt\/wp-content\/uploads\/2020\/06\/43723139_1893822910687275_6635311171912073216_n.jpg\" class=\"elementor-animation-grow attachment-large size-large wp-image-714\" alt=\"\" srcset=\"https:\/\/rutosistorikai.lt\/wp-content\/uploads\/2020\/06\/43723139_1893822910687275_6635311171912073216_n.jpg 960w, https:\/\/rutosistorikai.lt\/wp-content\/uploads\/2020\/06\/43723139_1893822910687275_6635311171912073216_n-300x225.jpg 300w, https:\/\/rutosistorikai.lt\/wp-content\/uploads\/2020\/06\/43723139_1893822910687275_6635311171912073216_n-768x576.jpg 768w\" sizes=\"(max-width: 960px) 100vw, 960px\" \/>\t\t\t\t\t\t\t\t<\/a>\n\t\t\t\t\t\t\t\t\t\t\t\t\t\t\t<\/div>\n\t\t\t\t<\/div>\n\t\t\t\t<div class=\"elementor-element elementor-element-d0c44fe elementor-widget elementor-widget-image-box\" data-id=\"d0c44fe\" data-element_type=\"widget\" data-e-type=\"widget\" data-widget_type=\"image-box.default\">\n\t\t\t\t<div class=\"elementor-widget-container\">\n\t\t\t\t\t<div class=\"elementor-image-box-wrapper\"><div class=\"elementor-image-box-content\"><h5 class=\"elementor-image-box-title\">Pamokos - ekskursijos<\/h5><p class=\"elementor-image-box-description\">Kam kalb\u0117ti apie architekt\u016br\u0105, jei galima i\u0161eiti paklaid\u017eioti miesto gatv\u0117mis?<\/p><\/div><\/div>\t\t\t\t<\/div>\n\t\t\t\t<\/div>\n\t\t\t\t\t<\/div>\n\t\t<\/div>\n\t\t\t\t<div class=\"has_eae_slider elementor-column elementor-col-50 elementor-inner-column elementor-element elementor-element-bce40d9\" data-eae-slider=\"22958\" data-id=\"bce40d9\" data-element_type=\"column\" data-e-type=\"column\">\n\t\t\t<div class=\"elementor-widget-wrap elementor-element-populated\">\n\t\t\t\t\t\t<div class=\"elementor-element elementor-element-cce00ea elementor-widget elementor-widget-image\" data-id=\"cce00ea\" data-element_type=\"widget\" data-e-type=\"widget\" data-widget_type=\"image.default\">\n\t\t\t\t<div class=\"elementor-widget-container\">\n\t\t\t\t\t\t\t\t\t\t\t\t\t\t\t\t<a href=\"http:\/\/rutosistorikai.lt\/?page_id=850\">\n\t\t\t\t\t\t\t<img decoding=\"async\" width=\"1024\" height=\"768\" src=\"https:\/\/rutosistorikai.lt\/wp-content\/uploads\/2020\/06\/53236120_2097784510291113_781244835926376448_o-1024x768.jpg\" class=\"elementor-animation-grow attachment-large size-large wp-image-712\" alt=\"\" srcset=\"https:\/\/rutosistorikai.lt\/wp-content\/uploads\/2020\/06\/53236120_2097784510291113_781244835926376448_o-1024x768.jpg 1024w, https:\/\/rutosistorikai.lt\/wp-content\/uploads\/2020\/06\/53236120_2097784510291113_781244835926376448_o-300x225.jpg 300w, https:\/\/rutosistorikai.lt\/wp-content\/uploads\/2020\/06\/53236120_2097784510291113_781244835926376448_o-768x576.jpg 768w, https:\/\/rutosistorikai.lt\/wp-content\/uploads\/2020\/06\/53236120_2097784510291113_781244835926376448_o-1536x1152.jpg 1536w, https:\/\/rutosistorikai.lt\/wp-content\/uploads\/2020\/06\/53236120_2097784510291113_781244835926376448_o.jpg 2016w\" sizes=\"(max-width: 1024px) 100vw, 1024px\" \/>\t\t\t\t\t\t\t\t<\/a>\n\t\t\t\t\t\t\t\t\t\t\t\t\t\t\t<\/div>\n\t\t\t\t<\/div>\n\t\t\t\t<div class=\"elementor-element elementor-element-c17baf9 elementor-widget elementor-widget-image-box\" data-id=\"c17baf9\" data-element_type=\"widget\" data-e-type=\"widget\" data-widget_type=\"image-box.default\">\n\t\t\t\t<div class=\"elementor-widget-container\">\n\t\t\t\t\t<div class=\"elementor-image-box-wrapper\"><div class=\"elementor-image-box-content\"><h5 class=\"elementor-image-box-title\">Integruotos pamokos<\/h5><p class=\"elementor-image-box-description\">Kam t\u0105 pa\u010di\u0105 tem\u0105 nagrin\u0117ti dukart, jei susivienij\u0119 mes galime sukurti dar daugiau ir \u012fdomiau?<\/p><\/div><\/div>\t\t\t\t<\/div>\n\t\t\t\t<\/div>\n\t\t\t\t\t<\/div>\n\t\t<\/div>\n\t\t\t\t\t<\/div>\n\t\t<\/section>\n\t\t\t\t<section class=\"has_eae_slider elementor-section elementor-inner-section elementor-element elementor-element-3dca23c elementor-section-boxed elementor-section-height-default elementor-section-height-default\" data-eae-slider=\"34234\" data-id=\"3dca23c\" data-element_type=\"section\" data-e-type=\"section\">\n\t\t\t\t\t\t<div class=\"elementor-container elementor-column-gap-default\">\n\t\t\t\t\t<div class=\"has_eae_slider elementor-column elementor-col-50 elementor-inner-column elementor-element elementor-element-f58b4c4\" data-eae-slider=\"19224\" data-id=\"f58b4c4\" data-element_type=\"column\" data-e-type=\"column\">\n\t\t\t<div class=\"elementor-widget-wrap elementor-element-populated\">\n\t\t\t\t\t\t<div class=\"elementor-element elementor-element-d7fa0e3 elementor-widget elementor-widget-image\" data-id=\"d7fa0e3\" data-element_type=\"widget\" data-e-type=\"widget\" data-widget_type=\"image.default\">\n\t\t\t\t<div class=\"elementor-widget-container\">\n\t\t\t\t\t\t\t\t\t\t\t\t\t\t\t\t<a href=\"https:\/\/rutosistorikai.lt\/?page_id=2846\">\n\t\t\t\t\t\t\t<img decoding=\"async\" width=\"1024\" height=\"768\" src=\"https:\/\/rutosistorikai.lt\/wp-content\/uploads\/2020\/06\/59773797_2194275593975337_2589896697173770240_o-1024x768.jpg\" class=\"elementor-animation-grow attachment-large size-large wp-image-713\" alt=\"\" srcset=\"https:\/\/rutosistorikai.lt\/wp-content\/uploads\/2020\/06\/59773797_2194275593975337_2589896697173770240_o-1024x768.jpg 1024w, https:\/\/rutosistorikai.lt\/wp-content\/uploads\/2020\/06\/59773797_2194275593975337_2589896697173770240_o-300x225.jpg 300w, https:\/\/rutosistorikai.lt\/wp-content\/uploads\/2020\/06\/59773797_2194275593975337_2589896697173770240_o-768x576.jpg 768w, https:\/\/rutosistorikai.lt\/wp-content\/uploads\/2020\/06\/59773797_2194275593975337_2589896697173770240_o-1536x1152.jpg 1536w, https:\/\/rutosistorikai.lt\/wp-content\/uploads\/2020\/06\/59773797_2194275593975337_2589896697173770240_o.jpg 2000w\" sizes=\"(max-width: 1024px) 100vw, 1024px\" \/>\t\t\t\t\t\t\t\t<\/a>\n\t\t\t\t\t\t\t\t\t\t\t\t\t\t\t<\/div>\n\t\t\t\t<\/div>\n\t\t\t\t<div class=\"elementor-element elementor-element-66bbc4f elementor-widget elementor-widget-image-box\" data-id=\"66bbc4f\" data-element_type=\"widget\" data-e-type=\"widget\" data-widget_type=\"image-box.default\">\n\t\t\t\t<div class=\"elementor-widget-container\">\n\t\t\t\t\t<div class=\"elementor-image-box-wrapper\"><div class=\"elementor-image-box-content\"><h5 class=\"elementor-image-box-title\">Renginiai<\/h5><p class=\"elementor-image-box-description\">Renginiai gali b\u016bti \u012fdom\u016bs ir \u012ftrauk\u016bs. <\/p><\/div><\/div>\t\t\t\t<\/div>\n\t\t\t\t<\/div>\n\t\t\t\t\t<\/div>\n\t\t<\/div>\n\t\t\t\t<div class=\"has_eae_slider elementor-column elementor-col-50 elementor-inner-column elementor-element elementor-element-31ca30b\" data-eae-slider=\"96401\" data-id=\"31ca30b\" data-element_type=\"column\" data-e-type=\"column\">\n\t\t\t<div class=\"elementor-widget-wrap elementor-element-populated\">\n\t\t\t\t\t\t<div class=\"elementor-element elementor-element-238cce3 elementor-widget elementor-widget-image\" data-id=\"238cce3\" data-element_type=\"widget\" data-e-type=\"widget\" data-widget_type=\"image.default\">\n\t\t\t\t<div class=\"elementor-widget-container\">\n\t\t\t\t\t\t\t\t\t\t\t\t\t\t\t\t<a href=\"https:\/\/rutosistorikai.lt\/?page_id=2938\">\n\t\t\t\t\t\t\t<img loading=\"lazy\" decoding=\"async\" width=\"1024\" height=\"768\" src=\"https:\/\/rutosistorikai.lt\/wp-content\/uploads\/2020\/06\/IMG_20190523_181956-1024x768.jpg\" class=\"elementor-animation-grow attachment-large size-large wp-image-716\" alt=\"\" srcset=\"https:\/\/rutosistorikai.lt\/wp-content\/uploads\/2020\/06\/IMG_20190523_181956-1024x768.jpg 1024w, https:\/\/rutosistorikai.lt\/wp-content\/uploads\/2020\/06\/IMG_20190523_181956-300x225.jpg 300w, https:\/\/rutosistorikai.lt\/wp-content\/uploads\/2020\/06\/IMG_20190523_181956-768x576.jpg 768w, https:\/\/rutosistorikai.lt\/wp-content\/uploads\/2020\/06\/IMG_20190523_181956-1536x1152.jpg 1536w, https:\/\/rutosistorikai.lt\/wp-content\/uploads\/2020\/06\/IMG_20190523_181956-2048x1536.jpg 2048w\" sizes=\"(max-width: 1024px) 100vw, 1024px\" \/>\t\t\t\t\t\t\t\t<\/a>\n\t\t\t\t\t\t\t\t\t\t\t\t\t\t\t<\/div>\n\t\t\t\t<\/div>\n\t\t\t\t<div class=\"elementor-element elementor-element-00d7c15 elementor-widget elementor-widget-image-box\" data-id=\"00d7c15\" data-element_type=\"widget\" data-e-type=\"widget\" data-widget_type=\"image-box.default\">\n\t\t\t\t<div class=\"elementor-widget-container\">\n\t\t\t\t\t<div class=\"elementor-image-box-wrapper\"><div class=\"elementor-image-box-content\"><h5 class=\"elementor-image-box-title\">\u017daidimai<\/h5><p class=\"elementor-image-box-description\">O gal galima mokytis kitaip? Tiesiog \u017eaid\u017eiant? Ai\u0161ku galima... Juk taip linksmiau!<\/p><\/div><\/div>\t\t\t\t<\/div>\n\t\t\t\t<\/div>\n\t\t\t\t\t<\/div>\n\t\t<\/div>\n\t\t\t\t\t<\/div>\n\t\t<\/section>\n\t\t\t\t<\/div>\n\t\t","protected":false},"excerpt":{"rendered":"<p>Istorijos pamokos kitaip Laikas prad\u0117ti m\u016bs\u0173 nuotykius Geriausias mokymosi b\u016bdas &#8211; patirti, atrasti, pajausti pa\u010diam. Mokyklos suole esame vedami pa\u017einimo keliais, pri\u017ei\u016brimi ir saugomi. Tod\u0117l svarbu patirti ne tik tai, k\u0105 pasakoja mokytojas, k\u0105 ra\u0161o vadov\u0117lis, bet ir apsi\u017evalgyti aplink. Yra tiek nuostabi\u0173 dalyk\u0173, kuriuos PRIVALOMA i\u0161bandyti&#8230; Jei ne d\u0117l to, kad \u012fdomu, tai d\u0117l [&hellip;]<\/p>\n","protected":false},"author":1,"featured_media":0,"parent":0,"menu_order":0,"comment_status":"closed","ping_status":"closed","template":"","meta":{"site-sidebar-layout":"no-sidebar","site-content-layout":"page-builder","ast-site-content-layout":"default","site-content-style":"default","site-sidebar-style":"default","ast-global-header-display":"","ast-banner-title-visibility":"","ast-main-header-display":"","ast-hfb-above-header-display":"","ast-hfb-below-header-display":"","ast-hfb-mobile-header-display":"","site-post-title":"disabled","ast-breadcrumbs-content":"","ast-featured-img":"disabled","footer-sml-layout":"","ast-disable-related-posts":"","theme-transparent-header-meta":"enabled","adv-header-id-meta":"","stick-header-meta":"","header-above-stick-meta":"","header-main-stick-meta":"","header-below-stick-meta":"","astra-migrate-meta-layouts":"default","ast-page-background-enabled":"default","ast-page-background-meta":{"desktop":{"background-color":"","background-image":"","background-repeat":"repeat","background-position":"center center","background-size":"auto","background-attachment":"scroll","background-type":"","background-media":"","overlay-type":"","overlay-color":"","overlay-opacity":"","overlay-gradient":""},"tablet":{"background-color":"","background-image":"","background-repeat":"repeat","background-position":"center center","background-size":"auto","background-attachment":"scroll","background-type":"","background-media":"","overlay-type":"","overlay-color":"","overlay-opacity":"","overlay-gradient":""},"mobile":{"background-color":"","background-image":"","background-repeat":"repeat","background-position":"center center","background-size":"auto","background-attachment":"scroll","background-type":"","background-media":"","overlay-type":"","overlay-color":"","overlay-opacity":"","overlay-gradient":""}},"ast-content-background-meta":{"desktop":{"background-color":"var(--ast-global-color-5)","background-image":"","background-repeat":"repeat","background-position":"center center","background-size":"auto","background-attachment":"scroll","background-type":"","background-media":"","overlay-type":"","overlay-color":"","overlay-opacity":"","overlay-gradient":""},"tablet":{"background-color":"var(--ast-global-color-5)","background-image":"","background-repeat":"repeat","background-position":"center center","background-size":"auto","background-attachment":"scroll","background-type":"","background-media":"","overlay-type":"","overlay-color":"","overlay-opacity":"","overlay-gradient":""},"mobile":{"background-color":"var(--ast-global-color-5)","background-image":"","background-repeat":"repeat","background-position":"center center","background-size":"auto","background-attachment":"scroll","background-type":"","background-media":"","overlay-type":"","overlay-color":"","overlay-opacity":"","overlay-gradient":""}},"footnotes":""},"class_list":["post-38","page","type-page","status-publish","hentry"],"_links":{"self":[{"href":"https:\/\/rutosistorikai.lt\/index.php?rest_route=\/wp\/v2\/pages\/38","targetHints":{"allow":["GET"]}}],"collection":[{"href":"https:\/\/rutosistorikai.lt\/index.php?rest_route=\/wp\/v2\/pages"}],"about":[{"href":"https:\/\/rutosistorikai.lt\/index.php?rest_route=\/wp\/v2\/types\/page"}],"author":[{"embeddable":true,"href":"https:\/\/rutosistorikai.lt\/index.php?rest_route=\/wp\/v2\/users\/1"}],"replies":[{"embeddable":true,"href":"https:\/\/rutosistorikai.lt\/index.php?rest_route=%2Fwp%2Fv2%2Fcomments&post=38"}],"version-history":[{"count":31,"href":"https:\/\/rutosistorikai.lt\/index.php?rest_route=\/wp\/v2\/pages\/38\/revisions"}],"predecessor-version":[{"id":3725,"href":"https:\/\/rutosistorikai.lt\/index.php?rest_route=\/wp\/v2\/pages\/38\/revisions\/3725"}],"wp:attachment":[{"href":"https:\/\/rutosistorikai.lt\/index.php?rest_route=%2Fwp%2Fv2%2Fmedia&parent=38"}],"curies":[{"name":"wp","href":"https:\/\/api.w.org\/{rel}","templated":true}]}}