{"id":2613,"date":"2023-05-09T15:14:41","date_gmt":"2023-05-09T15:14:41","guid":{"rendered":"https:\/\/rutosistorikai.lt\/?page_id=2613"},"modified":"2023-05-15T16:58:52","modified_gmt":"2023-05-15T16:58:52","slug":"komiksaisalama","status":"publish","type":"page","link":"https:\/\/rutosistorikai.lt\/?page_id=2613","title":{"rendered":"Komiksai(Salama)"},"content":{"rendered":"\t\t<div data-elementor-type=\"wp-page\" data-elementor-id=\"2613\" class=\"elementor elementor-2613\">\n\t\t\t\t\t\t<section class=\"has_eae_slider elementor-section elementor-top-section elementor-element elementor-element-8e3038b elementor-section-boxed elementor-section-height-default elementor-section-height-default\" data-eae-slider=\"3117\" data-id=\"8e3038b\" data-element_type=\"section\" data-e-type=\"section\">\n\t\t\t\t\t\t<div class=\"elementor-container elementor-column-gap-default\">\n\t\t\t\t\t<div class=\"has_eae_slider elementor-column elementor-col-100 elementor-top-column elementor-element elementor-element-3135b3f\" data-eae-slider=\"64785\" data-id=\"3135b3f\" data-element_type=\"column\" data-e-type=\"column\">\n\t\t\t<div class=\"elementor-widget-wrap elementor-element-populated\">\n\t\t\t\t\t\t<div class=\"elementor-element elementor-element-715c3cf elementor-widget elementor-widget-heading\" data-id=\"715c3cf\" data-element_type=\"widget\" data-e-type=\"widget\" data-widget_type=\"heading.default\">\n\t\t\t\t<div class=\"elementor-widget-container\">\n\t\t\t\t\t<h2 class=\"elementor-heading-title elementor-size-default\">\"kuriu ir iliustruoju istorij\u0105\"<\/h2>\t\t\t\t<\/div>\n\t\t\t\t<\/div>\n\t\t\t\t<div class=\"elementor-element elementor-element-75adadb elementor-widget-divider--view-line elementor-widget elementor-widget-divider\" data-id=\"75adadb\" data-element_type=\"widget\" data-e-type=\"widget\" data-widget_type=\"divider.default\">\n\t\t\t\t<div class=\"elementor-widget-container\">\n\t\t\t\t\t\t\t<div class=\"elementor-divider\">\n\t\t\t<span class=\"elementor-divider-separator\">\n\t\t\t\t\t\t<\/span>\n\t\t<\/div>\n\t\t\t\t\t\t<\/div>\n\t\t\t\t<\/div>\n\t\t\t\t<div class=\"elementor-element elementor-element-5184956 elementor-widget elementor-widget-text-editor\" data-id=\"5184956\" data-element_type=\"widget\" data-e-type=\"widget\" data-widget_type=\"text-editor.default\">\n\t\t\t\t<div class=\"elementor-widget-container\">\n\t\t\t\t\t\t\t\t\t<p>2022-2023 mokslo metai Vilniaus Salom\u0117jos N\u0117ries gimnazijos 9 kl. mokiniam buvo itin k\u016brybingi. Jie ne tik tyrin\u0117jo XVIII &#8211; XX a. pr. istorijos \u012fvykius, asmenybes, procesus ir l\u016b\u017eius, bet, kartu su\u00a0<span style=\"font-size: 16px; font-style: normal; font-weight: 400;\">istorijos mokytoja metodininke<strong> R\u016bta Tamkevi\u010di\u016bte<\/strong>,<\/span><span style=\"font-size: 16px;\">\u00a0k\u016br\u0117 iliustracijas, video ir band\u0117 \u012fsijausti \u012f asmens gyvenusio atitinkamu laikme\u010diu situacij\u0105.<\/span><\/p><p>Pasirinktomis Lietuvos istorijos temomis mokiniai steng\u0117si sukurti pasakojimus &#8211; iliustracijas, kurios gal\u0117t\u0173 b\u016bti naudingos ir pamok\u0173 metu, pvz. ie\u0161kant istorini\u0173 fakt\u0173, klaid\u0173 ir simboli\u0173 ar tiesiog pasisemti \u012fkv\u0117pimo, kai kursite savo k\u016brinius.<\/p><p>Dalis komiks\u0173 buvo kurta \u012frankiu\u00a0<a href=\"https:\/\/www.storyboardthat.com\/\">https:\/\/www.storyboardthat.com\/<\/a>\u00a0,\u00a0<span style=\"font-size: 16px;\">kita dalis &#8211; pa\u010di\u0173 mokini\u0173 pie\u0161iniai (<\/span><em style=\"font-size: 16px;\">labai d\u017eiaugiuosi, kiek daug atsiskleid\u0117 talent\u0173<\/em><span style=\"font-size: 16px;\">).<\/span><\/p>\t\t\t\t\t\t\t\t<\/div>\n\t\t\t\t<\/div>\n\t\t\t\t<div class=\"elementor-element elementor-element-917bf84 elementor-widget-divider--view-line elementor-widget elementor-widget-divider\" data-id=\"917bf84\" data-element_type=\"widget\" data-e-type=\"widget\" data-widget_type=\"divider.default\">\n\t\t\t\t<div class=\"elementor-widget-container\">\n\t\t\t\t\t\t\t<div class=\"elementor-divider\">\n\t\t\t<span class=\"elementor-divider-separator\">\n\t\t\t\t\t\t<\/span>\n\t\t<\/div>\n\t\t\t\t\t\t<\/div>\n\t\t\t\t<\/div>\n\t\t\t\t<div class=\"elementor-element elementor-element-ca87a22 elementor-widget elementor-widget-shortcode\" data-id=\"ca87a22\" data-element_type=\"widget\" data-e-type=\"widget\" data-widget_type=\"shortcode.default\">\n\t\t\t\t<div class=\"elementor-widget-container\">\n\t\t\t\t\t\t\t<div class=\"elementor-shortcode\"><div class=\"_df_book df-lite\" id=\"df_2615\"  _slug=\"komiksai-vilnius-700\" data-title=\"komiksai-vilnius-700\" wpoptions=\"true\" thumbtype=\"\" ><\/div><script class=\"df-shortcode-script\" nowprocket type=\"application\/javascript\">window.option_df_2615 = {\"outline\":[],\"autoEnableOutline\":\"false\",\"autoEnableThumbnail\":\"false\",\"overwritePDFOutline\":\"false\",\"direction\":\"1\",\"pageSize\":\"0\",\"source\":\"http:\\\/\\\/rutosistorikai.lt\\\/wp-content\\\/uploads\\\/2023\\\/05\\\/komiksai.pdf\",\"wpOptions\":\"true\"}; if(window.DFLIP && window.DFLIP.parseBooks){window.DFLIP.parseBooks();}<\/script>\n<\/div>\n\t\t\t\t\t\t<\/div>\n\t\t\t\t<\/div>\n\t\t\t\t<div class=\"elementor-element elementor-element-62032e7 elementor-widget-divider--view-line elementor-widget elementor-widget-divider\" data-id=\"62032e7\" data-element_type=\"widget\" data-e-type=\"widget\" data-widget_type=\"divider.default\">\n\t\t\t\t<div class=\"elementor-widget-container\">\n\t\t\t\t\t\t\t<div class=\"elementor-divider\">\n\t\t\t<span class=\"elementor-divider-separator\">\n\t\t\t\t\t\t<\/span>\n\t\t<\/div>\n\t\t\t\t\t\t<\/div>\n\t\t\t\t<\/div>\n\t\t\t\t\t<\/div>\n\t\t<\/div>\n\t\t\t\t\t<\/div>\n\t\t<\/section>\n\t\t\t\t<\/div>\n\t\t","protected":false},"excerpt":{"rendered":"<p>&#8220;kuriu ir iliustruoju istorij\u0105&#8221; 2022-2023 mokslo metai Vilniaus Salom\u0117jos N\u0117ries gimnazijos 9 kl. mokiniam buvo itin k\u016brybingi. Jie ne tik tyrin\u0117jo XVIII &#8211; XX a. pr. istorijos \u012fvykius, asmenybes, procesus ir l\u016b\u017eius, bet, kartu su\u00a0istorijos mokytoja metodininke R\u016bta Tamkevi\u010di\u016bte,\u00a0k\u016br\u0117 iliustracijas, video ir band\u0117 \u012fsijausti \u012f asmens gyvenusio atitinkamu laikme\u010diu situacij\u0105. Pasirinktomis Lietuvos istorijos temomis mokiniai [&hellip;]<\/p>\n","protected":false},"author":1,"featured_media":0,"parent":2147,"menu_order":0,"comment_status":"closed","ping_status":"closed","template":"","meta":{"site-sidebar-layout":"no-sidebar","site-content-layout":"page-builder","ast-site-content-layout":"default","site-content-style":"default","site-sidebar-style":"default","ast-global-header-display":"","ast-banner-title-visibility":"","ast-main-header-display":"","ast-hfb-above-header-display":"","ast-hfb-below-header-display":"","ast-hfb-mobile-header-display":"","site-post-title":"disabled","ast-breadcrumbs-content":"","ast-featured-img":"disabled","footer-sml-layout":"","ast-disable-related-posts":"","theme-transparent-header-meta":"","adv-header-id-meta":"","stick-header-meta":"","header-above-stick-meta":"","header-main-stick-meta":"","header-below-stick-meta":"","astra-migrate-meta-layouts":"default","ast-page-background-enabled":"default","ast-page-background-meta":{"desktop":{"background-color":"","background-image":"","background-repeat":"repeat","background-position":"center center","background-size":"auto","background-attachment":"scroll","background-type":"","background-media":"","overlay-type":"","overlay-color":"","overlay-opacity":"","overlay-gradient":""},"tablet":{"background-color":"","background-image":"","background-repeat":"repeat","background-position":"center center","background-size":"auto","background-attachment":"scroll","background-type":"","background-media":"","overlay-type":"","overlay-color":"","overlay-opacity":"","overlay-gradient":""},"mobile":{"background-color":"","background-image":"","background-repeat":"repeat","background-position":"center center","background-size":"auto","background-attachment":"scroll","background-type":"","background-media":"","overlay-type":"","overlay-color":"","overlay-opacity":"","overlay-gradient":""}},"ast-content-background-meta":{"desktop":{"background-color":"var(--ast-global-color-5)","background-image":"","background-repeat":"repeat","background-position":"center center","background-size":"auto","background-attachment":"scroll","background-type":"","background-media":"","overlay-type":"","overlay-color":"","overlay-opacity":"","overlay-gradient":""},"tablet":{"background-color":"var(--ast-global-color-5)","background-image":"","background-repeat":"repeat","background-position":"center center","background-size":"auto","background-attachment":"scroll","background-type":"","background-media":"","overlay-type":"","overlay-color":"","overlay-opacity":"","overlay-gradient":""},"mobile":{"background-color":"var(--ast-global-color-5)","background-image":"","background-repeat":"repeat","background-position":"center center","background-size":"auto","background-attachment":"scroll","background-type":"","background-media":"","overlay-type":"","overlay-color":"","overlay-opacity":"","overlay-gradient":""}},"footnotes":""},"class_list":["post-2613","page","type-page","status-publish","hentry"],"_links":{"self":[{"href":"https:\/\/rutosistorikai.lt\/index.php?rest_route=\/wp\/v2\/pages\/2613","targetHints":{"allow":["GET"]}}],"collection":[{"href":"https:\/\/rutosistorikai.lt\/index.php?rest_route=\/wp\/v2\/pages"}],"about":[{"href":"https:\/\/rutosistorikai.lt\/index.php?rest_route=\/wp\/v2\/types\/page"}],"author":[{"embeddable":true,"href":"https:\/\/rutosistorikai.lt\/index.php?rest_route=\/wp\/v2\/users\/1"}],"replies":[{"embeddable":true,"href":"https:\/\/rutosistorikai.lt\/index.php?rest_route=%2Fwp%2Fv2%2Fcomments&post=2613"}],"version-history":[{"count":16,"href":"https:\/\/rutosistorikai.lt\/index.php?rest_route=\/wp\/v2\/pages\/2613\/revisions"}],"predecessor-version":[{"id":2691,"href":"https:\/\/rutosistorikai.lt\/index.php?rest_route=\/wp\/v2\/pages\/2613\/revisions\/2691"}],"up":[{"embeddable":true,"href":"https:\/\/rutosistorikai.lt\/index.php?rest_route=\/wp\/v2\/pages\/2147"}],"wp:attachment":[{"href":"https:\/\/rutosistorikai.lt\/index.php?rest_route=%2Fwp%2Fv2%2Fmedia&parent=2613"}],"curies":[{"name":"wp","href":"https:\/\/api.w.org\/{rel}","templated":true}]}}