{"id":1801,"date":"2022-03-21T17:38:27","date_gmt":"2022-03-21T17:38:27","guid":{"rendered":"https:\/\/rutosistorikai.lt\/?page_id=1801"},"modified":"2022-03-22T13:12:56","modified_gmt":"2022-03-22T13:12:56","slug":"darius-ir-girenas","status":"publish","type":"page","link":"https:\/\/rutosistorikai.lt\/?page_id=1801","title":{"rendered":"darius ir girenas"},"content":{"rendered":"\t\t<div data-elementor-type=\"wp-page\" data-elementor-id=\"1801\" class=\"elementor elementor-1801\">\n\t\t\t\t\t\t<section class=\"has_eae_slider elementor-section elementor-top-section elementor-element elementor-element-dacda58 elementor-section-boxed elementor-section-height-default elementor-section-height-default\" data-eae-slider=\"26482\" data-id=\"dacda58\" data-element_type=\"section\" data-e-type=\"section\">\n\t\t\t\t\t\t<div class=\"elementor-container elementor-column-gap-default\">\n\t\t\t\t\t<div class=\"has_eae_slider elementor-column elementor-col-100 elementor-top-column elementor-element elementor-element-e9644e1\" data-eae-slider=\"73228\" data-id=\"e9644e1\" data-element_type=\"column\" data-e-type=\"column\">\n\t\t\t<div class=\"elementor-widget-wrap elementor-element-populated\">\n\t\t\t\t\t\t<div class=\"elementor-element elementor-element-2e0a671 elementor-widget elementor-widget-spacer\" data-id=\"2e0a671\" data-element_type=\"widget\" data-e-type=\"widget\" data-widget_type=\"spacer.default\">\n\t\t\t\t<div class=\"elementor-widget-container\">\n\t\t\t\t\t\t\t<div class=\"elementor-spacer\">\n\t\t\t<div class=\"elementor-spacer-inner\"><\/div>\n\t\t<\/div>\n\t\t\t\t\t\t<\/div>\n\t\t\t\t<\/div>\n\t\t\t\t<div class=\"elementor-element elementor-element-1a2a927 elementor-widget elementor-widget-text-editor\" data-id=\"1a2a927\" data-element_type=\"widget\" data-e-type=\"widget\" data-widget_type=\"text-editor.default\">\n\t\t\t\t<div class=\"elementor-widget-container\">\n\t\t\t\t\t\t\t\t\t<p>Aust\u0117ja Gru\u017einskait\u0117 ir Kamila Gudalevi\u010d\u00a0<\/p><p>&#8220;Darius ir Gir\u0117nas&#8221;<\/p>\t\t\t\t\t\t\t\t<\/div>\n\t\t\t\t<\/div>\n\t\t\t\t<div class=\"elementor-element elementor-element-4643208 elementor-arrows-position-inside elementor-pagination-position-outside elementor-widget elementor-widget-image-carousel\" data-id=\"4643208\" data-element_type=\"widget\" data-e-type=\"widget\" data-settings=\"{&quot;slides_to_show&quot;:&quot;4&quot;,&quot;navigation&quot;:&quot;both&quot;,&quot;autoplay&quot;:&quot;yes&quot;,&quot;pause_on_hover&quot;:&quot;yes&quot;,&quot;pause_on_interaction&quot;:&quot;yes&quot;,&quot;autoplay_speed&quot;:5000,&quot;infinite&quot;:&quot;yes&quot;,&quot;speed&quot;:500,&quot;image_spacing_custom&quot;:{&quot;unit&quot;:&quot;px&quot;,&quot;size&quot;:20,&quot;sizes&quot;:[]},&quot;image_spacing_custom_tablet&quot;:{&quot;unit&quot;:&quot;px&quot;,&quot;size&quot;:&quot;&quot;,&quot;sizes&quot;:[]},&quot;image_spacing_custom_mobile&quot;:{&quot;unit&quot;:&quot;px&quot;,&quot;size&quot;:&quot;&quot;,&quot;sizes&quot;:[]}}\" data-widget_type=\"image-carousel.default\">\n\t\t\t\t<div class=\"elementor-widget-container\">\n\t\t\t\t\t\t\t<div class=\"elementor-image-carousel-wrapper swiper\" role=\"region\" aria-roledescription=\"carousel\" aria-label=\"Image Carousel\" dir=\"ltr\">\n\t\t\t<div class=\"elementor-image-carousel swiper-wrapper\" aria-live=\"off\">\n\t\t\t\t\t\t\t\t<div class=\"swiper-slide\" role=\"group\" aria-roledescription=\"slide\" aria-label=\"1 of 5\"><figure class=\"swiper-slide-inner\"><img decoding=\"async\" class=\"swiper-slide-image\" src=\"https:\/\/rutosistorikai.lt\/wp-content\/uploads\/2022\/03\/20220317_131134-768x1024.jpg\" alt=\"20220317_131134\" \/><\/figure><\/div><div class=\"swiper-slide\" role=\"group\" aria-roledescription=\"slide\" aria-label=\"2 of 5\"><figure class=\"swiper-slide-inner\"><img decoding=\"async\" class=\"swiper-slide-image\" src=\"https:\/\/rutosistorikai.lt\/wp-content\/uploads\/2022\/03\/20220317_131055-768x1024.jpg\" alt=\"20220317_131055\" \/><\/figure><\/div><div class=\"swiper-slide\" role=\"group\" aria-roledescription=\"slide\" aria-label=\"3 of 5\"><figure class=\"swiper-slide-inner\"><img decoding=\"async\" class=\"swiper-slide-image\" src=\"https:\/\/rutosistorikai.lt\/wp-content\/uploads\/2022\/03\/20220317_131114-768x1024.jpg\" alt=\"20220317_131114\" \/><\/figure><\/div><div class=\"swiper-slide\" role=\"group\" aria-roledescription=\"slide\" aria-label=\"4 of 5\"><figure class=\"swiper-slide-inner\"><img decoding=\"async\" class=\"swiper-slide-image\" src=\"https:\/\/rutosistorikai.lt\/wp-content\/uploads\/2022\/03\/20220317_131112-768x1024.jpg\" alt=\"20220317_131112\" \/><\/figure><\/div><div class=\"swiper-slide\" role=\"group\" aria-roledescription=\"slide\" aria-label=\"5 of 5\"><figure class=\"swiper-slide-inner\"><img decoding=\"async\" class=\"swiper-slide-image\" src=\"https:\/\/rutosistorikai.lt\/wp-content\/uploads\/2022\/03\/20220317_131101-768x1024.jpg\" alt=\"20220317_131101\" \/><\/figure><\/div>\t\t\t<\/div>\n\t\t\t\t\t\t\t\t\t\t\t\t<div class=\"elementor-swiper-button elementor-swiper-button-prev\" role=\"button\" tabindex=\"0\">\n\t\t\t\t\t\t<i aria-hidden=\"true\" class=\"eicon-chevron-left\"><\/i>\t\t\t\t\t<\/div>\n\t\t\t\t\t<div class=\"elementor-swiper-button elementor-swiper-button-next\" role=\"button\" tabindex=\"0\">\n\t\t\t\t\t\t<i aria-hidden=\"true\" class=\"eicon-chevron-right\"><\/i>\t\t\t\t\t<\/div>\n\t\t\t\t\n\t\t\t\t\t\t\t\t\t<div class=\"swiper-pagination\"><\/div>\n\t\t\t\t\t\t\t\t\t<\/div>\n\t\t\t\t\t\t<\/div>\n\t\t\t\t<\/div>\n\t\t\t\t<div class=\"elementor-element elementor-element-7b586a3 elementor-widget elementor-widget-text-editor\" data-id=\"7b586a3\" data-element_type=\"widget\" data-e-type=\"widget\" data-widget_type=\"text-editor.default\">\n\t\t\t\t<div class=\"elementor-widget-container\">\n\t\t\t\t\t\t\t\t\t<p>Darbe yra vaizduojama Stepono Dariaus ir Stasio Gir\u0117no eksperimentinis l\u0117ktuvas \u201eLituanica\u201c, s\u0117kmingai perskrid\u0119s Atlanto vandenyn\u0105.<\/p><p>Sulauk\u0119 geresnio oro, 1933m. liepos 15 d. 6 val. 24 min. lak\u016bnai pakilo i\u0161 Niujorko Floy fo Bennetto oro uosto. \u012esib\u0117g\u0117damas sunkiai pakrautas, 3668 kg sveriantis l\u0117ktuvas du kartus vos nenuslydo nuo tako ir atsipl\u0117\u0161\u0117 nuo \u017eem\u0117s tik pa\u010diu paskutiniu momentu.<\/p><p>Perskrid\u0119 Atlanto vandenyn\u0105 d\u0117l blog\u0173 oro s\u0105lyg\u0173 ties Airija S. Darius ir S. Gir\u0117nas pasuko \u012f \u0161iaur\u0119 ir per \u0160kotij\u0105 bei \u0160iaur\u0117s j\u016bra pasiek\u0117 Vokietij\u0105. Skrendant pro Berlincheno miestel\u012f, \u201eLituanica\u201c buvo ap\u0161viesta pro\u017eektori\u0173. L\u0117ktuvas u\u017esikabino u\u017e med\u017ei\u0173 vir\u0161\u016bni\u0173, nulau\u017e\u0117 kelis med\u017eius ir liepos 17 d. 0 val. 36 min. sudu\u017eo \u0161alia Kuhdamo kaimo \u00a0Soldino apylink\u0117se.<\/p><p>Pasaulin\u0117je aviacijos\u00a0 istorijoje S. Dariaus ir S. Gir\u0117no skrydis reik\u0161mingas tuo, kad nenusileid\u0119 i\u0161buvo ore 37 val. 12 min., nuskrid\u0119 (iki katastrofos vietos) 6411 kilometr\u0173. Tai buvo antrasis tuo metu skryd\u017eio be nusileidimo rezultatas pasaulyje.<\/p><p>Blogomis oro s\u0105lygomis, be radijo ry\u0161io, be autopiloto, be para\u0161iut\u0173 skrido tiksliau, negu kit\u0173 taut\u0173 lak\u016bnai, apr\u016bpinti visomis moderniausiomis navigacijos priemon\u0117mis. J\u0173 skrydis \u2013 antras pagal tikslum\u0105 aviacijos istorijoje. \u0160iuo skryd\u017eiu buvo atvertas kelias oro pa\u0161tui tarp Amerikos ir Europos \u017eemyn\u0173. Lak\u016bn\u0173 \u017eygis, j\u0173 tragi\u0161ka mirtis tapo daugelio poet\u0173, ra\u0161ytoj\u0173, dailinink\u0173, skulptori\u0173, muzik\u0173 \u012fkv\u0117pimo \u0161altiniu.<\/p>\t\t\t\t\t\t\t\t<\/div>\n\t\t\t\t<\/div>\n\t\t\t\t\t<\/div>\n\t\t<\/div>\n\t\t\t\t\t<\/div>\n\t\t<\/section>\n\t\t\t\t<\/div>\n\t\t","protected":false},"excerpt":{"rendered":"<p>Aust\u0117ja Gru\u017einskait\u0117 ir Kamila Gudalevi\u010d\u00a0 &#8220;Darius ir Gir\u0117nas&#8221; Previous Next Darbe yra vaizduojama Stepono Dariaus ir Stasio Gir\u0117no eksperimentinis l\u0117ktuvas \u201eLituanica\u201c, s\u0117kmingai perskrid\u0119s Atlanto vandenyn\u0105. Sulauk\u0119 geresnio oro, 1933m. liepos 15 d. 6 val. 24 min. lak\u016bnai pakilo i\u0161 Niujorko Floy fo Bennetto oro uosto. \u012esib\u0117g\u0117damas sunkiai pakrautas, 3668 kg sveriantis l\u0117ktuvas du kartus vos [&hellip;]<\/p>\n","protected":false},"author":1,"featured_media":0,"parent":1709,"menu_order":0,"comment_status":"closed","ping_status":"closed","template":"","meta":{"site-sidebar-layout":"no-sidebar","site-content-layout":"page-builder","ast-site-content-layout":"default","site-content-style":"default","site-sidebar-style":"default","ast-global-header-display":"","ast-banner-title-visibility":"","ast-main-header-display":"","ast-hfb-above-header-display":"","ast-hfb-below-header-display":"","ast-hfb-mobile-header-display":"","site-post-title":"disabled","ast-breadcrumbs-content":"","ast-featured-img":"disabled","footer-sml-layout":"","ast-disable-related-posts":"","theme-transparent-header-meta":"default","adv-header-id-meta":"","stick-header-meta":"","header-above-stick-meta":"","header-main-stick-meta":"","header-below-stick-meta":"","astra-migrate-meta-layouts":"default","ast-page-background-enabled":"default","ast-page-background-meta":{"desktop":{"background-color":"","background-image":"","background-repeat":"repeat","background-position":"center center","background-size":"auto","background-attachment":"scroll","background-type":"","background-media":"","overlay-type":"","overlay-color":"","overlay-opacity":"","overlay-gradient":""},"tablet":{"background-color":"","background-image":"","background-repeat":"repeat","background-position":"center center","background-size":"auto","background-attachment":"scroll","background-type":"","background-media":"","overlay-type":"","overlay-color":"","overlay-opacity":"","overlay-gradient":""},"mobile":{"background-color":"","background-image":"","background-repeat":"repeat","background-position":"center center","background-size":"auto","background-attachment":"scroll","background-type":"","background-media":"","overlay-type":"","overlay-color":"","overlay-opacity":"","overlay-gradient":""}},"ast-content-background-meta":{"desktop":{"background-color":"var(--ast-global-color-5)","background-image":"","background-repeat":"repeat","background-position":"center center","background-size":"auto","background-attachment":"scroll","background-type":"","background-media":"","overlay-type":"","overlay-color":"","overlay-opacity":"","overlay-gradient":""},"tablet":{"background-color":"var(--ast-global-color-5)","background-image":"","background-repeat":"repeat","background-position":"center center","background-size":"auto","background-attachment":"scroll","background-type":"","background-media":"","overlay-type":"","overlay-color":"","overlay-opacity":"","overlay-gradient":""},"mobile":{"background-color":"var(--ast-global-color-5)","background-image":"","background-repeat":"repeat","background-position":"center center","background-size":"auto","background-attachment":"scroll","background-type":"","background-media":"","overlay-type":"","overlay-color":"","overlay-opacity":"","overlay-gradient":""}},"footnotes":""},"class_list":["post-1801","page","type-page","status-publish","hentry"],"_links":{"self":[{"href":"https:\/\/rutosistorikai.lt\/index.php?rest_route=\/wp\/v2\/pages\/1801","targetHints":{"allow":["GET"]}}],"collection":[{"href":"https:\/\/rutosistorikai.lt\/index.php?rest_route=\/wp\/v2\/pages"}],"about":[{"href":"https:\/\/rutosistorikai.lt\/index.php?rest_route=\/wp\/v2\/types\/page"}],"author":[{"embeddable":true,"href":"https:\/\/rutosistorikai.lt\/index.php?rest_route=\/wp\/v2\/users\/1"}],"replies":[{"embeddable":true,"href":"https:\/\/rutosistorikai.lt\/index.php?rest_route=%2Fwp%2Fv2%2Fcomments&post=1801"}],"version-history":[{"count":14,"href":"https:\/\/rutosistorikai.lt\/index.php?rest_route=\/wp\/v2\/pages\/1801\/revisions"}],"predecessor-version":[{"id":1917,"href":"https:\/\/rutosistorikai.lt\/index.php?rest_route=\/wp\/v2\/pages\/1801\/revisions\/1917"}],"up":[{"embeddable":true,"href":"https:\/\/rutosistorikai.lt\/index.php?rest_route=\/wp\/v2\/pages\/1709"}],"wp:attachment":[{"href":"https:\/\/rutosistorikai.lt\/index.php?rest_route=%2Fwp%2Fv2%2Fmedia&parent=1801"}],"curies":[{"name":"wp","href":"https:\/\/api.w.org\/{rel}","templated":true}]}}