{"id":1791,"date":"2022-03-21T17:30:23","date_gmt":"2022-03-21T17:30:23","guid":{"rendered":"https:\/\/rutosistorikai.lt\/?page_id=1791"},"modified":"2022-03-22T13:11:10","modified_gmt":"2022-03-22T13:11:10","slug":"emilija","status":"publish","type":"page","link":"https:\/\/rutosistorikai.lt\/?page_id=1791","title":{"rendered":"Emilija"},"content":{"rendered":"\t\t<div data-elementor-type=\"wp-page\" data-elementor-id=\"1791\" class=\"elementor elementor-1791\">\n\t\t\t\t\t\t<section class=\"has_eae_slider elementor-section elementor-top-section elementor-element elementor-element-fd3d14d elementor-section-boxed elementor-section-height-default elementor-section-height-default\" data-eae-slider=\"58106\" data-id=\"fd3d14d\" data-element_type=\"section\" data-e-type=\"section\">\n\t\t\t\t\t\t<div class=\"elementor-container elementor-column-gap-default\">\n\t\t\t\t\t<div class=\"has_eae_slider elementor-column elementor-col-100 elementor-top-column elementor-element elementor-element-a1b4923\" data-eae-slider=\"8937\" data-id=\"a1b4923\" data-element_type=\"column\" data-e-type=\"column\">\n\t\t\t<div class=\"elementor-widget-wrap elementor-element-populated\">\n\t\t\t\t\t\t<div class=\"elementor-element elementor-element-ea1b6fb elementor-widget elementor-widget-spacer\" data-id=\"ea1b6fb\" data-element_type=\"widget\" data-e-type=\"widget\" data-widget_type=\"spacer.default\">\n\t\t\t\t<div class=\"elementor-widget-container\">\n\t\t\t\t\t\t\t<div class=\"elementor-spacer\">\n\t\t\t<div class=\"elementor-spacer-inner\"><\/div>\n\t\t<\/div>\n\t\t\t\t\t\t<\/div>\n\t\t\t\t<\/div>\n\t\t\t\t<div class=\"elementor-element elementor-element-c74a7f5 elementor-widget elementor-widget-text-editor\" data-id=\"c74a7f5\" data-element_type=\"widget\" data-e-type=\"widget\" data-widget_type=\"text-editor.default\">\n\t\t\t\t<div class=\"elementor-widget-container\">\n\t\t\t\t\t\t\t\t\t<p>Emilija Genyt\u0117<\/p><p>&#8220;Kubizmas&#8221;<\/p><p dir=\"ltr\" style=\"line-height: 1.38; margin-top: 0pt; margin-bottom: 0pt;\">\u00a0<\/p>\t\t\t\t\t\t\t\t<\/div>\n\t\t\t\t<\/div>\n\t\t\t\t<div class=\"elementor-element elementor-element-d79cf48 elementor-arrows-position-inside elementor-pagination-position-outside elementor-widget elementor-widget-image-carousel\" data-id=\"d79cf48\" data-element_type=\"widget\" data-e-type=\"widget\" data-settings=\"{&quot;slides_to_show&quot;:&quot;4&quot;,&quot;navigation&quot;:&quot;both&quot;,&quot;autoplay&quot;:&quot;yes&quot;,&quot;pause_on_hover&quot;:&quot;yes&quot;,&quot;pause_on_interaction&quot;:&quot;yes&quot;,&quot;autoplay_speed&quot;:5000,&quot;infinite&quot;:&quot;yes&quot;,&quot;speed&quot;:500,&quot;image_spacing_custom&quot;:{&quot;unit&quot;:&quot;px&quot;,&quot;size&quot;:20,&quot;sizes&quot;:[]},&quot;image_spacing_custom_tablet&quot;:{&quot;unit&quot;:&quot;px&quot;,&quot;size&quot;:&quot;&quot;,&quot;sizes&quot;:[]},&quot;image_spacing_custom_mobile&quot;:{&quot;unit&quot;:&quot;px&quot;,&quot;size&quot;:&quot;&quot;,&quot;sizes&quot;:[]}}\" data-widget_type=\"image-carousel.default\">\n\t\t\t\t<div class=\"elementor-widget-container\">\n\t\t\t\t\t\t\t<div class=\"elementor-image-carousel-wrapper swiper\" role=\"region\" aria-roledescription=\"carousel\" aria-label=\"Image Carousel\" dir=\"ltr\">\n\t\t\t<div class=\"elementor-image-carousel swiper-wrapper\" aria-live=\"off\">\n\t\t\t\t\t\t\t\t<div class=\"swiper-slide\" role=\"group\" aria-roledescription=\"slide\" aria-label=\"1 of 5\"><figure class=\"swiper-slide-inner\"><img decoding=\"async\" class=\"swiper-slide-image\" src=\"https:\/\/rutosistorikai.lt\/wp-content\/uploads\/2022\/03\/20220317_123440-768x1024.jpg\" alt=\"20220317_123440\" \/><\/figure><\/div><div class=\"swiper-slide\" role=\"group\" aria-roledescription=\"slide\" aria-label=\"2 of 5\"><figure class=\"swiper-slide-inner\"><img decoding=\"async\" class=\"swiper-slide-image\" src=\"https:\/\/rutosistorikai.lt\/wp-content\/uploads\/2022\/03\/20220317_123444-768x1024.jpg\" alt=\"20220317_123444\" \/><\/figure><\/div><div class=\"swiper-slide\" role=\"group\" aria-roledescription=\"slide\" aria-label=\"3 of 5\"><figure class=\"swiper-slide-inner\"><img decoding=\"async\" class=\"swiper-slide-image\" src=\"https:\/\/rutosistorikai.lt\/wp-content\/uploads\/2022\/03\/20220317_123508-768x1024.jpg\" alt=\"20220317_123508\" \/><\/figure><\/div><div class=\"swiper-slide\" role=\"group\" aria-roledescription=\"slide\" aria-label=\"4 of 5\"><figure class=\"swiper-slide-inner\"><img decoding=\"async\" class=\"swiper-slide-image\" src=\"https:\/\/rutosistorikai.lt\/wp-content\/uploads\/2022\/03\/20220317_123434-768x1024.jpg\" alt=\"20220317_123434\" \/><\/figure><\/div><div class=\"swiper-slide\" role=\"group\" aria-roledescription=\"slide\" aria-label=\"5 of 5\"><figure class=\"swiper-slide-inner\"><img decoding=\"async\" class=\"swiper-slide-image\" src=\"https:\/\/rutosistorikai.lt\/wp-content\/uploads\/2022\/03\/20220317_123438-768x1024.jpg\" alt=\"20220317_123438\" \/><\/figure><\/div>\t\t\t<\/div>\n\t\t\t\t\t\t\t\t\t\t\t\t<div class=\"elementor-swiper-button elementor-swiper-button-prev\" role=\"button\" tabindex=\"0\">\n\t\t\t\t\t\t<i aria-hidden=\"true\" class=\"eicon-chevron-left\"><\/i>\t\t\t\t\t<\/div>\n\t\t\t\t\t<div class=\"elementor-swiper-button elementor-swiper-button-next\" role=\"button\" tabindex=\"0\">\n\t\t\t\t\t\t<i aria-hidden=\"true\" class=\"eicon-chevron-right\"><\/i>\t\t\t\t\t<\/div>\n\t\t\t\t\n\t\t\t\t\t\t\t\t\t<div class=\"swiper-pagination\"><\/div>\n\t\t\t\t\t\t\t\t\t<\/div>\n\t\t\t\t\t\t<\/div>\n\t\t\t\t<\/div>\n\t\t\t\t<div class=\"elementor-element elementor-element-c9985f5 elementor-widget elementor-widget-text-editor\" data-id=\"c9985f5\" data-element_type=\"widget\" data-e-type=\"widget\" data-widget_type=\"text-editor.default\">\n\t\t\t\t<div class=\"elementor-widget-container\">\n\t\t\t\t\t\t\t\t\t<p>Kubizmas \u2013 tai viena i\u0161 labiausiai komplikuot\u0173 ir rafinuot\u0173 modernistin\u0117s dail\u0117s srovi\u0173. Manoma, kad kubizmas padar\u0117 perversm\u0105 dail\u0117je bei jos estetikoje. Jis atsirado ir i\u0161sivyst\u0117 Pirmojo pasaulinio karo i\u0161vakar\u0117se Pranc\u016bzijoje, o v\u0117liau i\u0161plito po \u00a0kitas \u0161alis. Menininkams \u012ftak\u0105 dar\u0117 Afrikos, Okeanijos, Pir\u0117n\u0173 pusiasalio gen\u010di\u0173 primityvusis menas. Estetin\u0117s jo \u0161aknys \u2013 Sera ir ypa\u010d Sezano k\u016bryboje.\u00a0<\/p><p><span style=\"font-size: 16px;\">Kod\u0117l b\u016btent kubizmas? Apie Kubizm\u0105 daug kalbama, tai jud\u0117jimas, kuris turi didel\u0119 \u012ftak\u0105 kitoms modernizmo srov\u0117ms. Buvo atmestas ilgai galioj\u0119s principas \u2013 neva menas turi m\u0117gd\u017eioti tikrov\u0119. K\u016briniai buvo radikal\u016bs, o \u017ei\u016brovus, meno m\u0117g\u0117jus, stebina ir \u0161iandien. Kubizmo pradininkais laikomi dailininkai Pablas Pikasas ir \u017dor\u017eas Brakas. Apib\u016bdindamas pastarojo paveiksl\u0105, vienas pranc\u016bz\u0173 kritikas sak\u0117, kad darbas nutapytas i\u0161 keist\u0173 kub\u0173. Taip ir gim\u0117 \u0161io meno jud\u0117jimo pavadinimas.<\/span><\/p><p><span style=\"font-size: 16px;\">Susipa\u017einusi su Kubizmo istorija, bruo\u017eais, per\u017ei\u016br\u0117jusi \u012fvairius darbus buvau su\u017eav\u0117ta ir \u012fkv\u0117pta, mintyse gim\u0117 id\u0117ja, kuri\u0105 matote jau \u012fgyvendint\u0105. Veidas, \u012fvairiaspalviai kvadratai i\u0161d\u0117lioti chaoti\u0161kai (o gal kaip tik tvarkingai), ry\u0161kios spalvos ir\u2026<\/span><\/p><p><span style=\"font-size: 16px;\">\u201cKubizmas\u201d man pasirod\u0117 i\u0161ties labai \u012fdomus bei ne\u012fprastas (<\/span><em style=\"font-size: 16px;\">nupie\u0161usi ir gua\u0161u nuspalvinusi, supratau \u2013 rezultatas maloniai nustebino<\/em><span style=\"font-size: 16px;\">). Mano darbe galite pamatyti, kad kubai tikrai n\u0117ra keist\u0173 form\u0173. Jie \u2013 paprast\u0173, skirting\u0173 dyd\u017ei\u0173 kubeliai. Tokia specifika pasirinkta tikslingai, siekiant pritraukti \u017ei\u016brovo d\u0117mes\u012f, sudominti j\u012f, priversti klausti \u201ckod\u0117l?\u201d.<\/span><\/p>\t\t\t\t\t\t\t\t<\/div>\n\t\t\t\t<\/div>\n\t\t\t\t\t<\/div>\n\t\t<\/div>\n\t\t\t\t\t<\/div>\n\t\t<\/section>\n\t\t\t\t<\/div>\n\t\t","protected":false},"excerpt":{"rendered":"<p>Emilija Genyt\u0117 &#8220;Kubizmas&#8221; \u00a0 Previous Next Kubizmas \u2013 tai viena i\u0161 labiausiai komplikuot\u0173 ir rafinuot\u0173 modernistin\u0117s dail\u0117s srovi\u0173. Manoma, kad kubizmas padar\u0117 perversm\u0105 dail\u0117je bei jos estetikoje. Jis atsirado ir i\u0161sivyst\u0117 Pirmojo pasaulinio karo i\u0161vakar\u0117se Pranc\u016bzijoje, o v\u0117liau i\u0161plito po \u00a0kitas \u0161alis. Menininkams \u012ftak\u0105 dar\u0117 Afrikos, Okeanijos, Pir\u0117n\u0173 pusiasalio gen\u010di\u0173 primityvusis menas. Estetin\u0117s jo \u0161aknys [&hellip;]<\/p>\n","protected":false},"author":1,"featured_media":0,"parent":1709,"menu_order":0,"comment_status":"closed","ping_status":"closed","template":"","meta":{"site-sidebar-layout":"no-sidebar","site-content-layout":"page-builder","ast-site-content-layout":"default","site-content-style":"default","site-sidebar-style":"default","ast-global-header-display":"","ast-banner-title-visibility":"","ast-main-header-display":"","ast-hfb-above-header-display":"","ast-hfb-below-header-display":"","ast-hfb-mobile-header-display":"","site-post-title":"disabled","ast-breadcrumbs-content":"","ast-featured-img":"disabled","footer-sml-layout":"","ast-disable-related-posts":"","theme-transparent-header-meta":"default","adv-header-id-meta":"","stick-header-meta":"","header-above-stick-meta":"","header-main-stick-meta":"","header-below-stick-meta":"","astra-migrate-meta-layouts":"default","ast-page-background-enabled":"default","ast-page-background-meta":{"desktop":{"background-color":"","background-image":"","background-repeat":"repeat","background-position":"center center","background-size":"auto","background-attachment":"scroll","background-type":"","background-media":"","overlay-type":"","overlay-color":"","overlay-opacity":"","overlay-gradient":""},"tablet":{"background-color":"","background-image":"","background-repeat":"repeat","background-position":"center center","background-size":"auto","background-attachment":"scroll","background-type":"","background-media":"","overlay-type":"","overlay-color":"","overlay-opacity":"","overlay-gradient":""},"mobile":{"background-color":"","background-image":"","background-repeat":"repeat","background-position":"center center","background-size":"auto","background-attachment":"scroll","background-type":"","background-media":"","overlay-type":"","overlay-color":"","overlay-opacity":"","overlay-gradient":""}},"ast-content-background-meta":{"desktop":{"background-color":"var(--ast-global-color-5)","background-image":"","background-repeat":"repeat","background-position":"center center","background-size":"auto","background-attachment":"scroll","background-type":"","background-media":"","overlay-type":"","overlay-color":"","overlay-opacity":"","overlay-gradient":""},"tablet":{"background-color":"var(--ast-global-color-5)","background-image":"","background-repeat":"repeat","background-position":"center center","background-size":"auto","background-attachment":"scroll","background-type":"","background-media":"","overlay-type":"","overlay-color":"","overlay-opacity":"","overlay-gradient":""},"mobile":{"background-color":"var(--ast-global-color-5)","background-image":"","background-repeat":"repeat","background-position":"center center","background-size":"auto","background-attachment":"scroll","background-type":"","background-media":"","overlay-type":"","overlay-color":"","overlay-opacity":"","overlay-gradient":""}},"footnotes":""},"class_list":["post-1791","page","type-page","status-publish","hentry"],"_links":{"self":[{"href":"https:\/\/rutosistorikai.lt\/index.php?rest_route=\/wp\/v2\/pages\/1791","targetHints":{"allow":["GET"]}}],"collection":[{"href":"https:\/\/rutosistorikai.lt\/index.php?rest_route=\/wp\/v2\/pages"}],"about":[{"href":"https:\/\/rutosistorikai.lt\/index.php?rest_route=\/wp\/v2\/types\/page"}],"author":[{"embeddable":true,"href":"https:\/\/rutosistorikai.lt\/index.php?rest_route=\/wp\/v2\/users\/1"}],"replies":[{"embeddable":true,"href":"https:\/\/rutosistorikai.lt\/index.php?rest_route=%2Fwp%2Fv2%2Fcomments&post=1791"}],"version-history":[{"count":14,"href":"https:\/\/rutosistorikai.lt\/index.php?rest_route=\/wp\/v2\/pages\/1791\/revisions"}],"predecessor-version":[{"id":1911,"href":"https:\/\/rutosistorikai.lt\/index.php?rest_route=\/wp\/v2\/pages\/1791\/revisions\/1911"}],"up":[{"embeddable":true,"href":"https:\/\/rutosistorikai.lt\/index.php?rest_route=\/wp\/v2\/pages\/1709"}],"wp:attachment":[{"href":"https:\/\/rutosistorikai.lt\/index.php?rest_route=%2Fwp%2Fv2%2Fmedia&parent=1791"}],"curies":[{"name":"wp","href":"https:\/\/api.w.org\/{rel}","templated":true}]}}