{"id":1780,"date":"2022-03-21T18:15:36","date_gmt":"2022-03-21T18:15:36","guid":{"rendered":"https:\/\/rutosistorikai.lt\/?page_id=1780"},"modified":"2022-03-22T13:14:37","modified_gmt":"2022-03-22T13:14:37","slug":"rokas","status":"publish","type":"page","link":"https:\/\/rutosistorikai.lt\/?page_id=1780","title":{"rendered":"Rokas"},"content":{"rendered":"\t\t<div data-elementor-type=\"wp-page\" data-elementor-id=\"1780\" class=\"elementor elementor-1780\">\n\t\t\t\t\t\t<section class=\"has_eae_slider elementor-section elementor-top-section elementor-element elementor-element-d49a23f elementor-section-boxed elementor-section-height-default elementor-section-height-default\" data-eae-slider=\"89157\" data-id=\"d49a23f\" data-element_type=\"section\" data-e-type=\"section\">\n\t\t\t\t\t\t<div class=\"elementor-container elementor-column-gap-default\">\n\t\t\t\t\t<div class=\"has_eae_slider elementor-column elementor-col-100 elementor-top-column elementor-element elementor-element-e26be04\" data-eae-slider=\"15441\" data-id=\"e26be04\" data-element_type=\"column\" data-e-type=\"column\">\n\t\t\t<div class=\"elementor-widget-wrap elementor-element-populated\">\n\t\t\t\t\t\t<div class=\"elementor-element elementor-element-e90c661 elementor-widget elementor-widget-spacer\" data-id=\"e90c661\" data-element_type=\"widget\" data-e-type=\"widget\" data-widget_type=\"spacer.default\">\n\t\t\t\t<div class=\"elementor-widget-container\">\n\t\t\t\t\t\t\t<div class=\"elementor-spacer\">\n\t\t\t<div class=\"elementor-spacer-inner\"><\/div>\n\t\t<\/div>\n\t\t\t\t\t\t<\/div>\n\t\t\t\t<\/div>\n\t\t\t\t<div class=\"elementor-element elementor-element-59d155f elementor-widget elementor-widget-text-editor\" data-id=\"59d155f\" data-element_type=\"widget\" data-e-type=\"widget\" data-widget_type=\"text-editor.default\">\n\t\t\t\t<div class=\"elementor-widget-container\">\n\t\t\t\t\t\t\t\t\t<p>Rokas Baltakojis<\/p><p><span style=\"font-size: 16px; font-style: normal; font-weight: 400;\">&#8220;Branginkime \u0161alies laisv\u0119&#8221;<\/span><\/p>\t\t\t\t\t\t\t\t<\/div>\n\t\t\t\t<\/div>\n\t\t\t\t<div class=\"elementor-element elementor-element-cca04dd elementor-arrows-position-inside elementor-pagination-position-outside elementor-widget elementor-widget-image-carousel\" data-id=\"cca04dd\" data-element_type=\"widget\" data-e-type=\"widget\" data-settings=\"{&quot;slides_to_show&quot;:&quot;4&quot;,&quot;navigation&quot;:&quot;both&quot;,&quot;autoplay&quot;:&quot;yes&quot;,&quot;pause_on_hover&quot;:&quot;yes&quot;,&quot;pause_on_interaction&quot;:&quot;yes&quot;,&quot;autoplay_speed&quot;:5000,&quot;infinite&quot;:&quot;yes&quot;,&quot;speed&quot;:500,&quot;image_spacing_custom&quot;:{&quot;unit&quot;:&quot;px&quot;,&quot;size&quot;:20,&quot;sizes&quot;:[]},&quot;image_spacing_custom_tablet&quot;:{&quot;unit&quot;:&quot;px&quot;,&quot;size&quot;:&quot;&quot;,&quot;sizes&quot;:[]},&quot;image_spacing_custom_mobile&quot;:{&quot;unit&quot;:&quot;px&quot;,&quot;size&quot;:&quot;&quot;,&quot;sizes&quot;:[]}}\" data-widget_type=\"image-carousel.default\">\n\t\t\t\t<div class=\"elementor-widget-container\">\n\t\t\t\t\t\t\t<div class=\"elementor-image-carousel-wrapper swiper\" role=\"region\" aria-roledescription=\"carousel\" aria-label=\"Image Carousel\" dir=\"ltr\">\n\t\t\t<div class=\"elementor-image-carousel swiper-wrapper\" aria-live=\"off\">\n\t\t\t\t\t\t\t\t<div class=\"swiper-slide\" role=\"group\" aria-roledescription=\"slide\" aria-label=\"1 of 5\"><figure class=\"swiper-slide-inner\"><img decoding=\"async\" class=\"swiper-slide-image\" src=\"https:\/\/rutosistorikai.lt\/wp-content\/uploads\/2022\/03\/20220317_124128-768x1024.jpg\" alt=\"20220317_124128\" \/><\/figure><\/div><div class=\"swiper-slide\" role=\"group\" aria-roledescription=\"slide\" aria-label=\"2 of 5\"><figure class=\"swiper-slide-inner\"><img decoding=\"async\" class=\"swiper-slide-image\" src=\"https:\/\/rutosistorikai.lt\/wp-content\/uploads\/2022\/03\/20220317_124132-768x1024.jpg\" alt=\"20220317_124132\" \/><\/figure><\/div><div class=\"swiper-slide\" role=\"group\" aria-roledescription=\"slide\" aria-label=\"3 of 5\"><figure class=\"swiper-slide-inner\"><img decoding=\"async\" class=\"swiper-slide-image\" src=\"https:\/\/rutosistorikai.lt\/wp-content\/uploads\/2022\/03\/20220317_124200-768x1024.jpg\" alt=\"20220317_124200\" \/><\/figure><\/div><div class=\"swiper-slide\" role=\"group\" aria-roledescription=\"slide\" aria-label=\"4 of 5\"><figure class=\"swiper-slide-inner\"><img decoding=\"async\" class=\"swiper-slide-image\" src=\"https:\/\/rutosistorikai.lt\/wp-content\/uploads\/2022\/03\/20220317_124140-768x1024.jpg\" alt=\"20220317_124140\" \/><\/figure><\/div><div class=\"swiper-slide\" role=\"group\" aria-roledescription=\"slide\" aria-label=\"5 of 5\"><figure class=\"swiper-slide-inner\"><img decoding=\"async\" class=\"swiper-slide-image\" src=\"https:\/\/rutosistorikai.lt\/wp-content\/uploads\/2022\/03\/20220317_124150-768x1024.jpg\" alt=\"20220317_124150\" \/><\/figure><\/div>\t\t\t<\/div>\n\t\t\t\t\t\t\t\t\t\t\t\t<div class=\"elementor-swiper-button elementor-swiper-button-prev\" role=\"button\" tabindex=\"0\">\n\t\t\t\t\t\t<i aria-hidden=\"true\" class=\"eicon-chevron-left\"><\/i>\t\t\t\t\t<\/div>\n\t\t\t\t\t<div class=\"elementor-swiper-button elementor-swiper-button-next\" role=\"button\" tabindex=\"0\">\n\t\t\t\t\t\t<i aria-hidden=\"true\" class=\"eicon-chevron-right\"><\/i>\t\t\t\t\t<\/div>\n\t\t\t\t\n\t\t\t\t\t\t\t\t\t<div class=\"swiper-pagination\"><\/div>\n\t\t\t\t\t\t\t\t\t<\/div>\n\t\t\t\t\t\t<\/div>\n\t\t\t\t<\/div>\n\t\t\t\t<div class=\"elementor-element elementor-element-fa1c3ec elementor-widget elementor-widget-text-editor\" data-id=\"fa1c3ec\" data-element_type=\"widget\" data-e-type=\"widget\" data-widget_type=\"text-editor.default\">\n\t\t\t\t<div class=\"elementor-widget-container\">\n\t\t\t\t\t\t\t\t\t<p>Vaizduojamas dr\u0105sus, kraujuojantis \u017emogus, kovojantis u\u017e laisv\u0119 ir nebijantis nei kulk\u0173, nei tank\u0173. \u017dinoma, id\u0117j\u0105 inspiravo 1991 m. sausio 13d. nakties \u012fvykiai, bet nor\u0117\u010diau, kad mano darbas b\u016bt\u0173 suprastas kaip simbolis, atspindintis \u0161iandienin\u0119 ukrainie\u010di\u0173 ir viso pasaulio kov\u0105 u\u017e laisv\u0119.<\/p><p><span style=\"font-size: 16px;\">Rinkausi \u0161i\u0105 tem\u0105, nes ji da\u017enai likdavo ka\u017ekur u\u017eribyje ir ne\u012fvertinta (laiv\u0117 ir \u017emogaus gyvyb\u0117 visada buvo ka\u017ekur \u0161alia, ta\u010diau kartu ir labai toli), ta\u010diau pastarosiomis dienomis matome ir suprantame, k\u0105 rei\u0161kia laisv\u0117 ir kokia jos kaina. Tik dabar pradedame vienytis ir suvokiame situacijos sud\u0117tingum\u0105 pasaulyje, Lietuvoje.<\/span><\/p><p><span style=\"font-size: 16px;\">Laikotarpis, kuris \u012fkv\u0117p\u0117 darbo atsiradim\u0105 \u2013 1991 m. sausio 13 d. \u012fvykiai, kai Lietuvos pilie\u010diai prie Vilniaus televizijos bok\u0161to, Seimo r\u016bm\u0173, Spaudos r\u016bm\u0173, prie\u0161indamiesi ginkluot\u0173 rus\u0173 kari\u0173 bei tank\u0173 agresijai, i\u0161kovojo Lietuvai laisv\u0119, parod\u0117 m\u016bs\u0173 tautos galyb\u0119, dr\u0105s\u0105, j\u0117g\u0105 ir vieningum\u0105. Beginkliai stojome prie\u0161 prie\u0161us, susikib\u0119 u\u017e rank\u0173 saugojome parlament\u0105, dainavome dainas ir kar\u0161tai meld\u0117m\u0117s. Aukos, kurios atgul\u0117 am\u017eino poilsio, mums kasmet primena apie didvyri\u0161kum\u0105 ir tro\u0161kim\u0105 b\u016bti nepriklausomiems ir laisviems.<\/span><\/p><p><span style=\"font-size: 16px;\">M\u016bs\u0173 kova tapo pasidid\u017eiavimu ir pavyzd\u017eiu ne tik mums, bet ir visam pasauliui.<\/span><\/p><p><span style=\"font-size: 16px;\">Ir \u0161iandien tikiu, kad ry\u017etas, dr\u0105sa, vienyb\u0117 ir mes galime padaryti pasaul\u012f gra\u017eesn\u012f.<\/span><\/p>\t\t\t\t\t\t\t\t<\/div>\n\t\t\t\t<\/div>\n\t\t\t\t\t<\/div>\n\t\t<\/div>\n\t\t\t\t\t<\/div>\n\t\t<\/section>\n\t\t\t\t<\/div>\n\t\t","protected":false},"excerpt":{"rendered":"<p>Rokas Baltakojis &#8220;Branginkime \u0161alies laisv\u0119&#8221; Previous Next Vaizduojamas dr\u0105sus, kraujuojantis \u017emogus, kovojantis u\u017e laisv\u0119 ir nebijantis nei kulk\u0173, nei tank\u0173. \u017dinoma, id\u0117j\u0105 inspiravo 1991 m. sausio 13d. nakties \u012fvykiai, bet nor\u0117\u010diau, kad mano darbas b\u016bt\u0173 suprastas kaip simbolis, atspindintis \u0161iandienin\u0119 ukrainie\u010di\u0173 ir viso pasaulio kov\u0105 u\u017e laisv\u0119. Rinkausi \u0161i\u0105 tem\u0105, nes ji da\u017enai likdavo ka\u017ekur [&hellip;]<\/p>\n","protected":false},"author":1,"featured_media":0,"parent":1709,"menu_order":0,"comment_status":"closed","ping_status":"closed","template":"","meta":{"site-sidebar-layout":"no-sidebar","site-content-layout":"page-builder","ast-site-content-layout":"default","site-content-style":"default","site-sidebar-style":"default","ast-global-header-display":"","ast-banner-title-visibility":"","ast-main-header-display":"","ast-hfb-above-header-display":"","ast-hfb-below-header-display":"","ast-hfb-mobile-header-display":"","site-post-title":"disabled","ast-breadcrumbs-content":"","ast-featured-img":"disabled","footer-sml-layout":"","ast-disable-related-posts":"","theme-transparent-header-meta":"default","adv-header-id-meta":"","stick-header-meta":"","header-above-stick-meta":"","header-main-stick-meta":"","header-below-stick-meta":"","astra-migrate-meta-layouts":"default","ast-page-background-enabled":"default","ast-page-background-meta":{"desktop":{"background-color":"","background-image":"","background-repeat":"repeat","background-position":"center center","background-size":"auto","background-attachment":"scroll","background-type":"","background-media":"","overlay-type":"","overlay-color":"","overlay-opacity":"","overlay-gradient":""},"tablet":{"background-color":"","background-image":"","background-repeat":"repeat","background-position":"center center","background-size":"auto","background-attachment":"scroll","background-type":"","background-media":"","overlay-type":"","overlay-color":"","overlay-opacity":"","overlay-gradient":""},"mobile":{"background-color":"","background-image":"","background-repeat":"repeat","background-position":"center center","background-size":"auto","background-attachment":"scroll","background-type":"","background-media":"","overlay-type":"","overlay-color":"","overlay-opacity":"","overlay-gradient":""}},"ast-content-background-meta":{"desktop":{"background-color":"var(--ast-global-color-5)","background-image":"","background-repeat":"repeat","background-position":"center center","background-size":"auto","background-attachment":"scroll","background-type":"","background-media":"","overlay-type":"","overlay-color":"","overlay-opacity":"","overlay-gradient":""},"tablet":{"background-color":"var(--ast-global-color-5)","background-image":"","background-repeat":"repeat","background-position":"center center","background-size":"auto","background-attachment":"scroll","background-type":"","background-media":"","overlay-type":"","overlay-color":"","overlay-opacity":"","overlay-gradient":""},"mobile":{"background-color":"var(--ast-global-color-5)","background-image":"","background-repeat":"repeat","background-position":"center center","background-size":"auto","background-attachment":"scroll","background-type":"","background-media":"","overlay-type":"","overlay-color":"","overlay-opacity":"","overlay-gradient":""}},"footnotes":""},"class_list":["post-1780","page","type-page","status-publish","hentry"],"_links":{"self":[{"href":"https:\/\/rutosistorikai.lt\/index.php?rest_route=\/wp\/v2\/pages\/1780","targetHints":{"allow":["GET"]}}],"collection":[{"href":"https:\/\/rutosistorikai.lt\/index.php?rest_route=\/wp\/v2\/pages"}],"about":[{"href":"https:\/\/rutosistorikai.lt\/index.php?rest_route=\/wp\/v2\/types\/page"}],"author":[{"embeddable":true,"href":"https:\/\/rutosistorikai.lt\/index.php?rest_route=\/wp\/v2\/users\/1"}],"replies":[{"embeddable":true,"href":"https:\/\/rutosistorikai.lt\/index.php?rest_route=%2Fwp%2Fv2%2Fcomments&post=1780"}],"version-history":[{"count":17,"href":"https:\/\/rutosistorikai.lt\/index.php?rest_route=\/wp\/v2\/pages\/1780\/revisions"}],"predecessor-version":[{"id":1929,"href":"https:\/\/rutosistorikai.lt\/index.php?rest_route=\/wp\/v2\/pages\/1780\/revisions\/1929"}],"up":[{"embeddable":true,"href":"https:\/\/rutosistorikai.lt\/index.php?rest_route=\/wp\/v2\/pages\/1709"}],"wp:attachment":[{"href":"https:\/\/rutosistorikai.lt\/index.php?rest_route=%2Fwp%2Fv2%2Fmedia&parent=1780"}],"curies":[{"name":"wp","href":"https:\/\/api.w.org\/{rel}","templated":true}]}}