{"id":1748,"date":"2022-03-21T18:16:31","date_gmt":"2022-03-21T18:16:31","guid":{"rendered":"https:\/\/rutosistorikai.lt\/?page_id=1748"},"modified":"2022-03-22T13:15:49","modified_gmt":"2022-03-22T13:15:49","slug":"vincenta","status":"publish","type":"page","link":"https:\/\/rutosistorikai.lt\/?page_id=1748","title":{"rendered":"Vincenta"},"content":{"rendered":"\t\t<div data-elementor-type=\"wp-page\" data-elementor-id=\"1748\" class=\"elementor elementor-1748\">\n\t\t\t\t\t\t<section class=\"has_eae_slider elementor-section elementor-top-section elementor-element elementor-element-0dd4b3b elementor-section-boxed elementor-section-height-default elementor-section-height-default\" data-eae-slider=\"57693\" data-id=\"0dd4b3b\" data-element_type=\"section\" data-e-type=\"section\">\n\t\t\t\t\t\t<div class=\"elementor-container elementor-column-gap-default\">\n\t\t\t\t\t<div class=\"has_eae_slider elementor-column elementor-col-100 elementor-top-column elementor-element elementor-element-34dd13c\" data-eae-slider=\"19014\" data-id=\"34dd13c\" data-element_type=\"column\" data-e-type=\"column\">\n\t\t\t<div class=\"elementor-widget-wrap elementor-element-populated\">\n\t\t\t\t\t\t<div class=\"elementor-element elementor-element-cbdb015 elementor-widget elementor-widget-spacer\" data-id=\"cbdb015\" data-element_type=\"widget\" data-e-type=\"widget\" data-widget_type=\"spacer.default\">\n\t\t\t\t<div class=\"elementor-widget-container\">\n\t\t\t\t\t\t\t<div class=\"elementor-spacer\">\n\t\t\t<div class=\"elementor-spacer-inner\"><\/div>\n\t\t<\/div>\n\t\t\t\t\t\t<\/div>\n\t\t\t\t<\/div>\n\t\t\t\t<div class=\"elementor-element elementor-element-33885af elementor-widget elementor-widget-text-editor\" data-id=\"33885af\" data-element_type=\"widget\" data-e-type=\"widget\" data-widget_type=\"text-editor.default\">\n\t\t\t\t<div class=\"elementor-widget-container\">\n\t\t\t\t\t\t\t\t\t<p>Vincenta Bartels<\/p><p>&#8220;Kelion\u0117 mi\u0161ku&#8221;<\/p>\t\t\t\t\t\t\t\t<\/div>\n\t\t\t\t<\/div>\n\t\t\t\t<div class=\"elementor-element elementor-element-e5016fb elementor-arrows-position-inside elementor-pagination-position-outside elementor-widget elementor-widget-image-carousel\" data-id=\"e5016fb\" data-element_type=\"widget\" data-e-type=\"widget\" data-settings=\"{&quot;slides_to_show&quot;:&quot;4&quot;,&quot;navigation&quot;:&quot;both&quot;,&quot;autoplay&quot;:&quot;yes&quot;,&quot;pause_on_hover&quot;:&quot;yes&quot;,&quot;pause_on_interaction&quot;:&quot;yes&quot;,&quot;autoplay_speed&quot;:5000,&quot;infinite&quot;:&quot;yes&quot;,&quot;speed&quot;:500,&quot;image_spacing_custom&quot;:{&quot;unit&quot;:&quot;px&quot;,&quot;size&quot;:20,&quot;sizes&quot;:[]},&quot;image_spacing_custom_tablet&quot;:{&quot;unit&quot;:&quot;px&quot;,&quot;size&quot;:&quot;&quot;,&quot;sizes&quot;:[]},&quot;image_spacing_custom_mobile&quot;:{&quot;unit&quot;:&quot;px&quot;,&quot;size&quot;:&quot;&quot;,&quot;sizes&quot;:[]}}\" data-widget_type=\"image-carousel.default\">\n\t\t\t\t<div class=\"elementor-widget-container\">\n\t\t\t\t\t\t\t<div class=\"elementor-image-carousel-wrapper swiper\" role=\"region\" aria-roledescription=\"carousel\" aria-label=\"Image Carousel\" dir=\"ltr\">\n\t\t\t<div class=\"elementor-image-carousel swiper-wrapper\" aria-live=\"off\">\n\t\t\t\t\t\t\t\t<div class=\"swiper-slide\" role=\"group\" aria-roledescription=\"slide\" aria-label=\"1 of 5\"><figure class=\"swiper-slide-inner\"><img decoding=\"async\" class=\"swiper-slide-image\" src=\"https:\/\/rutosistorikai.lt\/wp-content\/uploads\/2022\/03\/20220317_112032-768x1024.jpg\" alt=\"20220317_112032\" \/><\/figure><\/div><div class=\"swiper-slide\" role=\"group\" aria-roledescription=\"slide\" aria-label=\"2 of 5\"><figure class=\"swiper-slide-inner\"><img decoding=\"async\" class=\"swiper-slide-image\" src=\"https:\/\/rutosistorikai.lt\/wp-content\/uploads\/2022\/03\/20220317_112042-768x1024.jpg\" alt=\"20220317_112042\" \/><\/figure><\/div><div class=\"swiper-slide\" role=\"group\" aria-roledescription=\"slide\" aria-label=\"3 of 5\"><figure class=\"swiper-slide-inner\"><img decoding=\"async\" class=\"swiper-slide-image\" src=\"https:\/\/rutosistorikai.lt\/wp-content\/uploads\/2022\/03\/20220317_112049-768x1024.jpg\" alt=\"20220317_112049\" \/><\/figure><\/div><div class=\"swiper-slide\" role=\"group\" aria-roledescription=\"slide\" aria-label=\"4 of 5\"><figure class=\"swiper-slide-inner\"><img decoding=\"async\" class=\"swiper-slide-image\" src=\"https:\/\/rutosistorikai.lt\/wp-content\/uploads\/2022\/03\/20220317_112013-768x1024.jpg\" alt=\"20220317_112013\" \/><\/figure><\/div><div class=\"swiper-slide\" role=\"group\" aria-roledescription=\"slide\" aria-label=\"5 of 5\"><figure class=\"swiper-slide-inner\"><img decoding=\"async\" class=\"swiper-slide-image\" src=\"https:\/\/rutosistorikai.lt\/wp-content\/uploads\/2022\/03\/20220317_112028-768x1024.jpg\" alt=\"20220317_112028\" \/><\/figure><\/div>\t\t\t<\/div>\n\t\t\t\t\t\t\t\t\t\t\t\t<div class=\"elementor-swiper-button elementor-swiper-button-prev\" role=\"button\" tabindex=\"0\">\n\t\t\t\t\t\t<i aria-hidden=\"true\" class=\"eicon-chevron-left\"><\/i>\t\t\t\t\t<\/div>\n\t\t\t\t\t<div class=\"elementor-swiper-button elementor-swiper-button-next\" role=\"button\" tabindex=\"0\">\n\t\t\t\t\t\t<i aria-hidden=\"true\" class=\"eicon-chevron-right\"><\/i>\t\t\t\t\t<\/div>\n\t\t\t\t\n\t\t\t\t\t\t\t\t\t<div class=\"swiper-pagination\"><\/div>\n\t\t\t\t\t\t\t\t\t<\/div>\n\t\t\t\t\t\t<\/div>\n\t\t\t\t<\/div>\n\t\t\t\t<div class=\"elementor-element elementor-element-54750ca elementor-widget elementor-widget-text-editor\" data-id=\"54750ca\" data-element_type=\"widget\" data-e-type=\"widget\" data-widget_type=\"text-editor.default\">\n\t\t\t\t<div class=\"elementor-widget-container\">\n\t\t\t\t\t\t\t\t\t<p>Darbe matomas \u017emogaus veidas, kuris yra visi\u0161kai u\u017edengtas \u012fvairi\u0173 tekst\u0173 i\u0161traukomis (spaudos cenz\u016bros simbolika), veid\u0105 \u201eslepia\u201c med\u017eiai (mi\u0161kas tapo ne tik kontrabandinink\u0173 ar nusikalt\u0117li\u0173, bet ir knygne\u0161i\u0173 prieglobstis). Tokiu b\u016bdu yra pavaizduotas keliaujantis ir mi\u0161ke besislepiantis knygne\u0161ys.<\/p><p><span style=\"font-size: 16px;\">A\u0161 pasirinkau Spaudos draudimo metus (1864 \u2013 1904 m.), kai Rusijos imperijos vald\u017eia band\u0117 nutautinti lietuvius. M. Muravjovas po 1863-64 m. met\u0173 sukilimo prad\u0117jo \u201cRus\u0173 prad\u0173 atk\u016brimo program\u0105\u201d ir \u012fved\u0117 lotyni\u0161ko raidyno draudim\u0105. Buvo bandyta atskirti paprastus gyventojus nuo inteligentijos, riboti lietuvi\u0173 kalbos vartojim\u0105, spaudos leidim\u0105 ir taip pat buvo u\u017edrausta mokyti vaikus gimt\u0105ja kalba. Siekdami i\u0161laikyti tautin\u012f identitet\u0105, kalb\u0105, istorij\u0105, papro\u010dius ir tik\u0117jim\u0105 lietuviai \u0117m\u0117si \u012fvairi\u0173 pasiprie\u0161inimo b\u016bd\u0173. Vienas j\u0173 \u2013 knygne\u0161i\u0173 veikla.<\/span><\/p><p><span style=\"font-size: 16px;\">\u0160is laikotarpis \u2013 pilnas dr\u0105sos. Bet koks pasiprie\u0161inimas ir prisid\u0117jimas prie knyg\u0173 gabenimo buvo baud\u017eiamas itin grie\u017etai (<\/span><em style=\"font-size: 16px;\">u\u017e degtin\u0117s kontraband\u0105 buvo galima gauti spyr\u012f \u012f u\u017epakal\u012f, o u\u017e knygas \u2013 ilgus metus kal\u0117jime<\/em><span style=\"font-size: 16px;\">). Vyrai ir moterys kasdien rizikuodavo savo ir savo \u0161eimos laisve gabendami nelegali\u0105 spaud\u0105 i\u0161 Ma\u017eosios Lietuvos, sl\u0117pdami leidinius savo namuose, perduodami juos kitiems, skaitydami ir mokydami vaikus. Kiekviena med\u017eio dr\u0117v\u0117, duob\u0117 po grindimis ar tu\u0161\u010diaviduris r\u0105stas sienoje tapo potencialia knygos sl\u0117ptuve. Kiekvienas bent kiek \u201cslebizavojantis\u201d (skaitantis) \u2013 mokytojas tiems, kas nepa\u017eino lietuvi\u0161kos raid\u0117s.<\/span><\/p><p><span style=\"font-size: 16px;\">Spaudos draudimo metai sutelk\u0117 \u017emones, dar kart\u0105 \u012frod\u0117, kad m\u016bs\u0173 tauta tvirta, vieninga, nepalau\u017eiama. Mes ry\u017etingi, kai reikia. Mes atsidav\u0119. Mes\u2026<\/span><\/p><p><span style=\"font-size: 16px;\">\u00a0Mes i\u0161saugojome savo kalb\u0105, vertybes, papro\u010dius, religij\u0105.<\/span><\/p><p><span style=\"font-size: 16px;\">Mes turime vertinti tai, kad esame laisvi, nes kiti mums tai padovanojo kovodami ir nepasiduodami.<\/span><\/p>\t\t\t\t\t\t\t\t<\/div>\n\t\t\t\t<\/div>\n\t\t\t\t\t<\/div>\n\t\t<\/div>\n\t\t\t\t\t<\/div>\n\t\t<\/section>\n\t\t\t\t<\/div>\n\t\t","protected":false},"excerpt":{"rendered":"<p>Vincenta Bartels &#8220;Kelion\u0117 mi\u0161ku&#8221; Previous Next Darbe matomas \u017emogaus veidas, kuris yra visi\u0161kai u\u017edengtas \u012fvairi\u0173 tekst\u0173 i\u0161traukomis (spaudos cenz\u016bros simbolika), veid\u0105 \u201eslepia\u201c med\u017eiai (mi\u0161kas tapo ne tik kontrabandinink\u0173 ar nusikalt\u0117li\u0173, bet ir knygne\u0161i\u0173 prieglobstis). Tokiu b\u016bdu yra pavaizduotas keliaujantis ir mi\u0161ke besislepiantis knygne\u0161ys. A\u0161 pasirinkau Spaudos draudimo metus (1864 \u2013 1904 m.), kai Rusijos imperijos [&hellip;]<\/p>\n","protected":false},"author":1,"featured_media":0,"parent":1709,"menu_order":0,"comment_status":"closed","ping_status":"closed","template":"","meta":{"site-sidebar-layout":"no-sidebar","site-content-layout":"page-builder","ast-site-content-layout":"default","site-content-style":"default","site-sidebar-style":"default","ast-global-header-display":"","ast-banner-title-visibility":"","ast-main-header-display":"","ast-hfb-above-header-display":"","ast-hfb-below-header-display":"","ast-hfb-mobile-header-display":"","site-post-title":"disabled","ast-breadcrumbs-content":"","ast-featured-img":"disabled","footer-sml-layout":"","ast-disable-related-posts":"","theme-transparent-header-meta":"default","adv-header-id-meta":"","stick-header-meta":"","header-above-stick-meta":"","header-main-stick-meta":"","header-below-stick-meta":"","astra-migrate-meta-layouts":"default","ast-page-background-enabled":"default","ast-page-background-meta":{"desktop":{"background-color":"","background-image":"","background-repeat":"repeat","background-position":"center center","background-size":"auto","background-attachment":"scroll","background-type":"","background-media":"","overlay-type":"","overlay-color":"","overlay-opacity":"","overlay-gradient":""},"tablet":{"background-color":"","background-image":"","background-repeat":"repeat","background-position":"center center","background-size":"auto","background-attachment":"scroll","background-type":"","background-media":"","overlay-type":"","overlay-color":"","overlay-opacity":"","overlay-gradient":""},"mobile":{"background-color":"","background-image":"","background-repeat":"repeat","background-position":"center center","background-size":"auto","background-attachment":"scroll","background-type":"","background-media":"","overlay-type":"","overlay-color":"","overlay-opacity":"","overlay-gradient":""}},"ast-content-background-meta":{"desktop":{"background-color":"var(--ast-global-color-5)","background-image":"","background-repeat":"repeat","background-position":"center center","background-size":"auto","background-attachment":"scroll","background-type":"","background-media":"","overlay-type":"","overlay-color":"","overlay-opacity":"","overlay-gradient":""},"tablet":{"background-color":"var(--ast-global-color-5)","background-image":"","background-repeat":"repeat","background-position":"center center","background-size":"auto","background-attachment":"scroll","background-type":"","background-media":"","overlay-type":"","overlay-color":"","overlay-opacity":"","overlay-gradient":""},"mobile":{"background-color":"var(--ast-global-color-5)","background-image":"","background-repeat":"repeat","background-position":"center center","background-size":"auto","background-attachment":"scroll","background-type":"","background-media":"","overlay-type":"","overlay-color":"","overlay-opacity":"","overlay-gradient":""}},"footnotes":""},"class_list":["post-1748","page","type-page","status-publish","hentry"],"_links":{"self":[{"href":"https:\/\/rutosistorikai.lt\/index.php?rest_route=\/wp\/v2\/pages\/1748","targetHints":{"allow":["GET"]}}],"collection":[{"href":"https:\/\/rutosistorikai.lt\/index.php?rest_route=\/wp\/v2\/pages"}],"about":[{"href":"https:\/\/rutosistorikai.lt\/index.php?rest_route=\/wp\/v2\/types\/page"}],"author":[{"embeddable":true,"href":"https:\/\/rutosistorikai.lt\/index.php?rest_route=\/wp\/v2\/users\/1"}],"replies":[{"embeddable":true,"href":"https:\/\/rutosistorikai.lt\/index.php?rest_route=%2Fwp%2Fv2%2Fcomments&post=1748"}],"version-history":[{"count":32,"href":"https:\/\/rutosistorikai.lt\/index.php?rest_route=\/wp\/v2\/pages\/1748\/revisions"}],"predecessor-version":[{"id":1935,"href":"https:\/\/rutosistorikai.lt\/index.php?rest_route=\/wp\/v2\/pages\/1748\/revisions\/1935"}],"up":[{"embeddable":true,"href":"https:\/\/rutosistorikai.lt\/index.php?rest_route=\/wp\/v2\/pages\/1709"}],"wp:attachment":[{"href":"https:\/\/rutosistorikai.lt\/index.php?rest_route=%2Fwp%2Fv2%2Fmedia&parent=1748"}],"curies":[{"name":"wp","href":"https:\/\/api.w.org\/{rel}","templated":true}]}}