{"id":1722,"date":"2022-03-21T16:55:20","date_gmt":"2022-03-21T16:55:20","guid":{"rendered":"https:\/\/rutosistorikai.lt\/?page_id=1722"},"modified":"2022-03-21T18:11:09","modified_gmt":"2022-03-21T18:11:09","slug":"alanta","status":"publish","type":"page","link":"https:\/\/rutosistorikai.lt\/?page_id=1722","title":{"rendered":"Alanta"},"content":{"rendered":"\t\t<div data-elementor-type=\"wp-page\" data-elementor-id=\"1722\" class=\"elementor elementor-1722\">\n\t\t\t\t\t\t<section class=\"has_eae_slider elementor-section elementor-top-section elementor-element elementor-element-abb4b04 elementor-section-boxed elementor-section-height-default elementor-section-height-default\" data-eae-slider=\"85235\" data-id=\"abb4b04\" data-element_type=\"section\" data-e-type=\"section\">\n\t\t\t\t\t\t<div class=\"elementor-container elementor-column-gap-default\">\n\t\t\t\t\t<div class=\"has_eae_slider elementor-column elementor-col-100 elementor-top-column elementor-element elementor-element-97e5171\" data-eae-slider=\"18199\" data-id=\"97e5171\" data-element_type=\"column\" data-e-type=\"column\">\n\t\t\t<div class=\"elementor-widget-wrap elementor-element-populated\">\n\t\t\t\t\t\t<div class=\"elementor-element elementor-element-1aad637 elementor-widget elementor-widget-spacer\" data-id=\"1aad637\" data-element_type=\"widget\" data-e-type=\"widget\" data-widget_type=\"spacer.default\">\n\t\t\t\t<div class=\"elementor-widget-container\">\n\t\t\t\t\t\t\t<div class=\"elementor-spacer\">\n\t\t\t<div class=\"elementor-spacer-inner\"><\/div>\n\t\t<\/div>\n\t\t\t\t\t\t<\/div>\n\t\t\t\t<\/div>\n\t\t\t\t<div class=\"elementor-element elementor-element-76ea5e1 elementor-widget elementor-widget-text-editor\" data-id=\"76ea5e1\" data-element_type=\"widget\" data-e-type=\"widget\" data-widget_type=\"text-editor.default\">\n\t\t\t\t<div class=\"elementor-widget-container\">\n\t\t\t\t\t\t\t\t\t<p>Alanta Berestovenkait\u0117<\/p><p>&#8220;Kosminis skrydis&#8221;<\/p>\t\t\t\t\t\t\t\t<\/div>\n\t\t\t\t<\/div>\n\t\t\t\t<div class=\"elementor-element elementor-element-52c516f elementor-arrows-position-inside elementor-pagination-position-outside elementor-widget elementor-widget-image-carousel\" data-id=\"52c516f\" data-element_type=\"widget\" data-e-type=\"widget\" data-settings=\"{&quot;slides_to_show&quot;:&quot;4&quot;,&quot;navigation&quot;:&quot;both&quot;,&quot;autoplay&quot;:&quot;yes&quot;,&quot;pause_on_hover&quot;:&quot;yes&quot;,&quot;pause_on_interaction&quot;:&quot;yes&quot;,&quot;autoplay_speed&quot;:5000,&quot;infinite&quot;:&quot;yes&quot;,&quot;speed&quot;:500,&quot;image_spacing_custom&quot;:{&quot;unit&quot;:&quot;px&quot;,&quot;size&quot;:20,&quot;sizes&quot;:[]},&quot;image_spacing_custom_tablet&quot;:{&quot;unit&quot;:&quot;px&quot;,&quot;size&quot;:&quot;&quot;,&quot;sizes&quot;:[]},&quot;image_spacing_custom_mobile&quot;:{&quot;unit&quot;:&quot;px&quot;,&quot;size&quot;:&quot;&quot;,&quot;sizes&quot;:[]}}\" data-widget_type=\"image-carousel.default\">\n\t\t\t\t<div class=\"elementor-widget-container\">\n\t\t\t\t\t\t\t<div class=\"elementor-image-carousel-wrapper swiper\" role=\"region\" aria-roledescription=\"carousel\" aria-label=\"Image Carousel\" dir=\"ltr\">\n\t\t\t<div class=\"elementor-image-carousel swiper-wrapper\" aria-live=\"off\">\n\t\t\t\t\t\t\t\t<div class=\"swiper-slide\" role=\"group\" aria-roledescription=\"slide\" aria-label=\"1 of 5\"><figure class=\"swiper-slide-inner\"><img decoding=\"async\" class=\"swiper-slide-image\" src=\"https:\/\/rutosistorikai.lt\/wp-content\/uploads\/2022\/03\/20220317_113841-768x1024.jpg\" alt=\"20220317_113841\" \/><\/figure><\/div><div class=\"swiper-slide\" role=\"group\" aria-roledescription=\"slide\" aria-label=\"2 of 5\"><figure class=\"swiper-slide-inner\"><img decoding=\"async\" class=\"swiper-slide-image\" src=\"https:\/\/rutosistorikai.lt\/wp-content\/uploads\/2022\/03\/20220317_113834-768x1024.jpg\" alt=\"20220317_113834\" \/><\/figure><\/div><div class=\"swiper-slide\" role=\"group\" aria-roledescription=\"slide\" aria-label=\"3 of 5\"><figure class=\"swiper-slide-inner\"><img decoding=\"async\" class=\"swiper-slide-image\" src=\"https:\/\/rutosistorikai.lt\/wp-content\/uploads\/2022\/03\/20220317_113837-768x1024.jpg\" alt=\"20220317_113837\" \/><\/figure><\/div><div class=\"swiper-slide\" role=\"group\" aria-roledescription=\"slide\" aria-label=\"4 of 5\"><figure class=\"swiper-slide-inner\"><img decoding=\"async\" class=\"swiper-slide-image\" src=\"https:\/\/rutosistorikai.lt\/wp-content\/uploads\/2022\/03\/20220317_113847-768x1024.jpg\" alt=\"20220317_113847\" \/><\/figure><\/div><div class=\"swiper-slide\" role=\"group\" aria-roledescription=\"slide\" aria-label=\"5 of 5\"><figure class=\"swiper-slide-inner\"><img decoding=\"async\" class=\"swiper-slide-image\" src=\"https:\/\/rutosistorikai.lt\/wp-content\/uploads\/2022\/03\/20220317_113855-768x1024.jpg\" alt=\"20220317_113855\" \/><\/figure><\/div>\t\t\t<\/div>\n\t\t\t\t\t\t\t\t\t\t\t\t<div class=\"elementor-swiper-button elementor-swiper-button-prev\" role=\"button\" tabindex=\"0\">\n\t\t\t\t\t\t<i aria-hidden=\"true\" class=\"eicon-chevron-left\"><\/i>\t\t\t\t\t<\/div>\n\t\t\t\t\t<div class=\"elementor-swiper-button elementor-swiper-button-next\" role=\"button\" tabindex=\"0\">\n\t\t\t\t\t\t<i aria-hidden=\"true\" class=\"eicon-chevron-right\"><\/i>\t\t\t\t\t<\/div>\n\t\t\t\t\n\t\t\t\t\t\t\t\t\t<div class=\"swiper-pagination\"><\/div>\n\t\t\t\t\t\t\t\t\t<\/div>\n\t\t\t\t\t\t<\/div>\n\t\t\t\t<\/div>\n\t\t\t\t<div class=\"elementor-element elementor-element-2688ed0 elementor-widget elementor-widget-text-editor\" data-id=\"2688ed0\" data-element_type=\"widget\" data-e-type=\"widget\" data-widget_type=\"text-editor.default\">\n\t\t\t\t<div class=\"elementor-widget-container\">\n\t\t\t\t\t\t\t\t\t<p><span style=\"font-weight: normal;\"><span style=\"font-size: 11pt; font-family: Arial; color: #000000; background-color: transparent; font-weight: 400; font-style: normal; font-variant-numeric: normal; font-variant-east-asian: normal; white-space: pre-wrap;\">Savo darbe a\u0161 vaizduoju kosmini\u0173 skryd\u017ei\u0173 istorij\u0105\/ kosmoso tyrim\u0173 prad\u017ei\u0105. <\/span><\/span><\/p><p><span style=\"color: #000000; font-family: Arial; font-size: 14.6667px; font-style: normal; font-weight: 400; white-space: pre-wrap;\"> Kosmoso kelion\u0117s p<\/span><span style=\"font-weight: normal;\"><span style=\"font-size: 11pt; font-family: Arial; color: #000000; background-color: transparent; font-weight: 400; font-style: normal; font-variant-numeric: normal; font-variant-east-asian: normal; white-space: pre-wrap;\">rakti\u0161kai tapo \u012fmanomos po Robert H. Goddard straipsnio, kuris buvo i\u0161leistas 1919 metais. \u0160is darbas tur\u0117jo didel\u0119 \u012ftak\u0105 Hermann Oberth ir Wernher Von Braun veiklai, kurie v\u0117liau tapo vienais \u012ftakingiausi\u0173 mokslinink\u0173, j\u0173 darbai dav\u0117 prad\u017ei\u0105 kosmoso kelion\u0117ms. <\/span><\/span><\/p><p><span style=\"font-weight: normal;\"><span style=\"font-size: 11pt; font-family: Arial; color: #000000; background-color: transparent; font-weight: 400; font-style: normal; font-variant-numeric: normal; font-variant-east-asian: normal; white-space: pre-wrap;\">1957 lapkri\u010dio 3 dien\u0105 SSRS \u012f kosmos\u0105 paleido palydov\u0105 su \u012fgula \u2013 \u0161unimi Laika (<em>pavadinta pagal veisl\u0119<\/em>), kuri tapo pirmuoju gyv\u016bnu kosmose, ta\u010diau \u017euvo vos po keli\u0173 valand\u0173 nuo pakilimo, d\u0117l prastos temperat\u016bros reguliavimo \u012frangos. <\/span><\/span><\/p><p><span style=\"font-weight: normal;\"><span style=\"font-size: 11pt; font-family: Arial; color: #000000; background-color: transparent; font-weight: 400; font-style: normal; font-variant-numeric: normal; font-variant-east-asian: normal; white-space: pre-wrap;\">Pirmasis \u017emogus kosmose &#8211; su 27 met\u0173 kosmonautas Jurijus Gagarinas (SSRS, <\/span><\/span><span style=\"color: #000000; font-family: Arial; font-size: 14.6667px; font-style: normal; font-weight: 400; white-space: pre-wrap;\"> \u201eVostok 1\u201c), kuris<\/span><span style=\"background-color: transparent; color: #000000; font-family: Arial; font-size: 11pt; font-style: normal; font-weight: 400; white-space: pre-wrap;\"> pakilo 1961 met\u0173 baland\u017eio 12 dien\u0105. Jo skrydis aplink \u017dem\u0119 truko apie 1 valand\u0105 48 minutes. Tai buvo didelis SSRS pasiekimas. Jis atv\u0117r\u0117 keli\u0105 tolimesn\u0117m \u017emoni\u0173 kelion\u0117m \u012f kosmos\u0105. <\/span><\/p><p><span style=\"background-color: transparent; color: #000000; font-family: Arial; font-size: 11pt; font-style: normal; font-weight: 400; white-space: pre-wrap;\">1969 m. JAV astronautai ( N. Amstrongas, M. Kolinsas ir B. Oldrinas) nuskrenda \u012f M\u0117nul\u012f. Apolo 11 &#8211; tai pirmas kosminis skrydis \u012f M\u0117nul\u012f pilotuojamu erdv\u0117laiviu. \u0160is \u012fvykis u\u017ebaigia kosmoso var\u017eybas \u0160altojo karo laikotarpiu ir atveria nauj\u0105 er\u0105 kosmoso tyrin\u0117jimuose &#8211; valstyb\u0117s ima bendradarbiauti.<\/span><\/p>\t\t\t\t\t\t\t\t<\/div>\n\t\t\t\t<\/div>\n\t\t\t\t\t<\/div>\n\t\t<\/div>\n\t\t\t\t\t<\/div>\n\t\t<\/section>\n\t\t\t\t<\/div>\n\t\t","protected":false},"excerpt":{"rendered":"<p>Alanta Berestovenkait\u0117 &#8220;Kosminis skrydis&#8221; Previous Next Savo darbe a\u0161 vaizduoju kosmini\u0173 skryd\u017ei\u0173 istorij\u0105\/ kosmoso tyrim\u0173 prad\u017ei\u0105. Kosmoso kelion\u0117s prakti\u0161kai tapo \u012fmanomos po Robert H. Goddard straipsnio, kuris buvo i\u0161leistas 1919 metais. \u0160is darbas tur\u0117jo didel\u0119 \u012ftak\u0105 Hermann Oberth ir Wernher Von Braun veiklai, kurie v\u0117liau tapo vienais \u012ftakingiausi\u0173 mokslinink\u0173, j\u0173 darbai dav\u0117 prad\u017ei\u0105 kosmoso kelion\u0117ms. [&hellip;]<\/p>\n","protected":false},"author":1,"featured_media":0,"parent":1709,"menu_order":0,"comment_status":"closed","ping_status":"closed","template":"","meta":{"site-sidebar-layout":"no-sidebar","site-content-layout":"page-builder","ast-site-content-layout":"default","site-content-style":"default","site-sidebar-style":"default","ast-global-header-display":"","ast-banner-title-visibility":"","ast-main-header-display":"","ast-hfb-above-header-display":"","ast-hfb-below-header-display":"","ast-hfb-mobile-header-display":"","site-post-title":"disabled","ast-breadcrumbs-content":"","ast-featured-img":"disabled","footer-sml-layout":"","ast-disable-related-posts":"","theme-transparent-header-meta":"default","adv-header-id-meta":"","stick-header-meta":"","header-above-stick-meta":"","header-main-stick-meta":"","header-below-stick-meta":"","astra-migrate-meta-layouts":"default","ast-page-background-enabled":"default","ast-page-background-meta":{"desktop":{"background-color":"","background-image":"","background-repeat":"repeat","background-position":"center center","background-size":"auto","background-attachment":"scroll","background-type":"","background-media":"","overlay-type":"","overlay-color":"","overlay-opacity":"","overlay-gradient":""},"tablet":{"background-color":"","background-image":"","background-repeat":"repeat","background-position":"center center","background-size":"auto","background-attachment":"scroll","background-type":"","background-media":"","overlay-type":"","overlay-color":"","overlay-opacity":"","overlay-gradient":""},"mobile":{"background-color":"","background-image":"","background-repeat":"repeat","background-position":"center center","background-size":"auto","background-attachment":"scroll","background-type":"","background-media":"","overlay-type":"","overlay-color":"","overlay-opacity":"","overlay-gradient":""}},"ast-content-background-meta":{"desktop":{"background-color":"var(--ast-global-color-5)","background-image":"","background-repeat":"repeat","background-position":"center center","background-size":"auto","background-attachment":"scroll","background-type":"","background-media":"","overlay-type":"","overlay-color":"","overlay-opacity":"","overlay-gradient":""},"tablet":{"background-color":"var(--ast-global-color-5)","background-image":"","background-repeat":"repeat","background-position":"center center","background-size":"auto","background-attachment":"scroll","background-type":"","background-media":"","overlay-type":"","overlay-color":"","overlay-opacity":"","overlay-gradient":""},"mobile":{"background-color":"var(--ast-global-color-5)","background-image":"","background-repeat":"repeat","background-position":"center center","background-size":"auto","background-attachment":"scroll","background-type":"","background-media":"","overlay-type":"","overlay-color":"","overlay-opacity":"","overlay-gradient":""}},"footnotes":""},"class_list":["post-1722","page","type-page","status-publish","hentry"],"_links":{"self":[{"href":"https:\/\/rutosistorikai.lt\/index.php?rest_route=\/wp\/v2\/pages\/1722","targetHints":{"allow":["GET"]}}],"collection":[{"href":"https:\/\/rutosistorikai.lt\/index.php?rest_route=\/wp\/v2\/pages"}],"about":[{"href":"https:\/\/rutosistorikai.lt\/index.php?rest_route=\/wp\/v2\/types\/page"}],"author":[{"embeddable":true,"href":"https:\/\/rutosistorikai.lt\/index.php?rest_route=\/wp\/v2\/users\/1"}],"replies":[{"embeddable":true,"href":"https:\/\/rutosistorikai.lt\/index.php?rest_route=%2Fwp%2Fv2%2Fcomments&post=1722"}],"version-history":[{"count":24,"href":"https:\/\/rutosistorikai.lt\/index.php?rest_route=\/wp\/v2\/pages\/1722\/revisions"}],"predecessor-version":[{"id":1841,"href":"https:\/\/rutosistorikai.lt\/index.php?rest_route=\/wp\/v2\/pages\/1722\/revisions\/1841"}],"up":[{"embeddable":true,"href":"https:\/\/rutosistorikai.lt\/index.php?rest_route=\/wp\/v2\/pages\/1709"}],"wp:attachment":[{"href":"https:\/\/rutosistorikai.lt\/index.php?rest_route=%2Fwp%2Fv2%2Fmedia&parent=1722"}],"curies":[{"name":"wp","href":"https:\/\/api.w.org\/{rel}","templated":true}]}}